{"id":44148918,"date":"2024-05-14T10:32:57","date_gmt":"2024-05-14T08:32:57","guid":{"rendered":"https:\/\/speechi.com\/?page_id=44148918"},"modified":"2024-06-06T14:59:31","modified_gmt":"2024-06-06T12:59:31","slug":"faq-videoprojecteur","status":"publish","type":"page","link":"https:\/\/speechi.com\/fr\/faq-videoprojecteur\/","title":{"rendered":"FAQs vid\u00e9oprojecteur"},"content":{"rendered":"<p>[et_pb_section fb_built=\u00a0\u00bb1&Prime; _builder_version=\u00a0\u00bb4.21.0&Prime; _module_preset=\u00a0\u00bbdefault\u00a0\u00bb custom_padding=\u00a0\u00bb||5px|||\u00a0\u00bb global_colors_info=\u00a0\u00bb{}\u00a0\u00bb][et_pb_row _builder_version=\u00a0\u00bb4.21.0&Prime; _module_preset=\u00a0\u00bbdefault\u00a0\u00bb global_colors_info=\u00a0\u00bb{}\u00a0\u00bb][et_pb_column type=\u00a0\u00bb4_4&Prime; _builder_version=\u00a0\u00bb4.21.0&Prime; _module_preset=\u00a0\u00bbdefault\u00a0\u00bb global_colors_info=\u00a0\u00bb{}\u00a0\u00bb][et_pb_text _builder_version=\u00a0\u00bb4.21.0&Prime; _module_preset=\u00a0\u00bbdefault\u00a0\u00bb header_font=\u00a0\u00bbMontserrat|600|||||||\u00a0\u00bb header_text_align=\u00a0\u00bbcenter\u00a0\u00bb global_colors_info=\u00a0\u00bb{}\u00a0\u00bb]<\/p>\n<h1>FAQs vid\u00e9oprojecteur interactif (VPI)<\/h1>\n<p>[\/et_pb_text][et_pb_text _builder_version=\u00a0\u00bb4.21.0&Prime; _module_preset=\u00a0\u00bbdefault\u00a0\u00bb text_orientation=\u00a0\u00bbcenter\u00a0\u00bb global_colors_info=\u00a0\u00bb{}\u00a0\u00bb]<\/p>\n<p>Tout savoir sur les Vid\u00e9oprojecteurs interactifs, autrefois produit phare de Speechi.<\/p>\n<p>[\/et_pb_text][\/et_pb_column][\/et_pb_row][\/et_pb_section][et_pb_section fb_built=\u00a0\u00bb1&Prime; _builder_version=\u00a0\u00bb4.21.0&Prime; _module_preset=\u00a0\u00bbdefault\u00a0\u00bb custom_padding=\u00a0\u00bb1px||15px|||\u00a0\u00bb global_colors_info=\u00a0\u00bb{}\u00a0\u00bb][et_pb_row _builder_version=\u00a0\u00bb4.21.0&Prime; _module_preset=\u00a0\u00bbdefault\u00a0\u00bb global_colors_info=\u00a0\u00bb{}\u00a0\u00bb][et_pb_column type=\u00a0\u00bb4_4&Prime; _builder_version=\u00a0\u00bb4.21.0&Prime; _module_preset=\u00a0\u00bbdefault\u00a0\u00bb global_colors_info=\u00a0\u00bb{}\u00a0\u00bb][et_pb_text _builder_version=\u00a0\u00bb4.21.0&Prime; _module_preset=\u00a0\u00bbdefault\u00a0\u00bb header_2_font=\u00a0\u00bbMontserrat|700|||||||\u00a0\u00bb header_2_text_align=\u00a0\u00bbcenter\u00a0\u00bb header_2_font_size=\u00a0\u00bb40px\u00a0\u00bb global_colors_info=\u00a0\u00bb{}\u00a0\u00bb]<\/p>\n<h2>Tous les articles<\/h2>\n<p>[\/et_pb_text][\/et_pb_column][\/et_pb_row][et_pb_row _builder_version=\u00a0\u00bb4.21.0&Prime; _module_preset=\u00a0\u00bbdefault\u00a0\u00bb global_colors_info=\u00a0\u00bb{}\u00a0\u00bb][et_pb_column type=\u00a0\u00bb4_4&Prime; _builder_version=\u00a0\u00bb4.21.0&Prime; _module_preset=\u00a0\u00bbdefault\u00a0\u00bb global_colors_info=\u00a0\u00bb{}\u00a0\u00bb][et_pb_blog fullwidth=\u00a0\u00bboff\u00a0\u00bb posts_number=\u00a0\u00bb100&Prime; include_categories=\u00a0\u00bb69&Prime; use_manual_excerpt=\u00a0\u00bboff\u00a0\u00bb show_author=\u00a0\u00bboff\u00a0\u00bb show_date=\u00a0\u00bboff\u00a0\u00bb show_categories=\u00a0\u00bboff\u00a0\u00bb show_excerpt=\u00a0\u00bboff\u00a0\u00bb _builder_version=\u00a0\u00bb4.21.0&Prime; _module_preset=\u00a0\u00bbdefault\u00a0\u00bb header_font=\u00a0\u00bbMontserrat|600|||||||\u00a0\u00bb header_font_size=\u00a0\u00bb20px\u00a0\u00bb border_width_all=\u00a0\u00bb0px\u00a0\u00bb global_colors_info=\u00a0\u00bb{}\u00a0\u00bb][\/et_pb_blog][\/et_pb_column][\/et_pb_row][\/et_pb_section][et_pb_section fb_built=\u00a0\u00bb1&Prime; _builder_version=\u00a0\u00bb4.21.0&Prime; _module_preset=\u00a0\u00bbdefault\u00a0\u00bb global_colors_info=\u00a0\u00bb{}\u00a0\u00bb][et_pb_row column_structure=\u00a0\u00bb1_3,1_3,1_3&Prime; _builder_version=\u00a0\u00bb4.21.0&Prime; _module_preset=\u00a0\u00bbdefault\u00a0\u00bb min_height=\u00a0\u00bb344px\u00a0\u00bb locked=\u00a0\u00bboff\u00a0\u00bb global_colors_info=\u00a0\u00bb{}\u00a0\u00bb][et_pb_column type=\u00a0\u00bb1_3&Prime; _builder_version=\u00a0\u00bb4.21.0&Prime; _module_preset=\u00a0\u00bbdefault\u00a0\u00bb global_colors_info=\u00a0\u00bb{}\u00a0\u00bb][et_pb_text _builder_version=\u00a0\u00bb4.21.0&Prime; _module_preset=\u00a0\u00bbdefault\u00a0\u00bb text_font_size=\u00a0\u00bb9px\u00a0\u00bb text_line_height=\u00a0\u00bb1em\u00a0\u00bb header_font_size=\u00a0\u00bb10px\u00a0\u00bb header_2_font_size=\u00a0\u00bb10px\u00a0\u00bb global_colors_info=\u00a0\u00bb{}\u00a0\u00bb]<\/p>\n<p>Dans votre salle de classe, dans votre centre de formation ou dans la salle de r\u00e9union de votre entreprise, vous avez le choix entre diverses solutions interactives. Vous pouvez ainsi doter cette pi\u00e8ce d\u2019un tr\u00e8s grand \u00e9cran, d\u2019un TBI ou avoir recours \u00e0 un vid\u00e9oprojecteur ! Notre blog va vous \u00e9clairer sur les principales fonctionnalit\u00e9s du <a href=\"https:\/\/speechi.com\/fr\/videoprojecteur-interactif-vpi\/\">VPI<\/a>. Vous appr\u00e9cierez les nombreux articles r\u00e9cents et nos explications. Vous pourrez ainsi vous rendre sur notre boutique en ligne en disposant de toutes les informations importantes !<\/p>\n<p>[\/et_pb_text][\/et_pb_column][et_pb_column type=\u00a0\u00bb1_3&Prime; _builder_version=\u00a0\u00bb4.21.0&Prime; _module_preset=\u00a0\u00bbdefault\u00a0\u00bb global_colors_info=\u00a0\u00bb{}\u00a0\u00bb][et_pb_text _builder_version=\u00a0\u00bb4.21.0&Prime; _module_preset=\u00a0\u00bbdefault\u00a0\u00bb text_font_size=\u00a0\u00bb9px\u00a0\u00bb text_line_height=\u00a0\u00bb1em\u00a0\u00bb header_font_size=\u00a0\u00bb10px\u00a0\u00bb header_2_font_size=\u00a0\u00bb10px\u00a0\u00bb global_colors_info=\u00a0\u00bb{}\u00a0\u00bb]<\/p>\n<h2>Des conseils et des informations pour bien acheter votre vid\u00e9oprojecteur interactif !<\/h2>\n<p>Cet appareil pr\u00e9sente de multiples avantages. Nous vous familiariserons avec son installation simple et son fonctionnement, \u00e0 la port\u00e9e de tous les utilisateurs !<\/p>\n<blockquote>\n<p>Nos articles sont d\u00e9taill\u00e9s et sont r\u00e9dig\u00e9s dans un langage facilement compr\u00e9hensible, m\u00eame par des n\u00e9ophytes. Nous mettons \u00e9galement \u00e0 votre disposition de courtes vid\u00e9os ! Ces films de 2 \u00e0 3 minutes valent souvent mieux qu\u2019un long discours. Ainsi, nous pr\u00e9sentons le <a href=\"https:\/\/speechi.com\/fr\/videoprojecteur-interactif\/\">vid\u00e9oprojecteur tactile<\/a> en images ! Vous connaitrez ainsi le principe de fonctionnement et le mat\u00e9riel n\u00e9cessaire : vid\u00e9oprojecteur (\u00e0 poser sur une table ou \u00e0 suspendre au plafond), boitier tactile, box Andro\u00efd et stylets. Une palette ergonomique est souvent pr\u00e9sente, ce qui facilitera la prise en mains par tous les publics, adultes comme enfants ! Comme pour le TBI ou l\u2019\u00e9cran interactif, il ne sera pas n\u00e9cessaire d\u2019avoir des comp\u00e9tences informatiques pour organiser des cours, des formations ou des r\u00e9unions. Les futurs usagers appr\u00e9cieront les stylos ergonomiques, confortables \u00e0 utiliser pour \u00e9crire, annoter un document num\u00e9rique ou r\u00e9aliser de nombreuses actions.<\/p>\n<\/blockquote>\n<p>Nous avons test\u00e9 diff\u00e9rents vid\u00e9oprojecteurs interactifs ! Gr\u00e2ce \u00e0 nos informations, vous conna\u00eetrez les crit\u00e8res importants \u00e0 prendre en compte, comme le format de l\u2019image, la technologie de projection ou le nombre de points de contacts.<\/p>\n<p>Par ailleurs, nous mettons en avant des cas pratiques d\u2019utilisations, dans des salles de classes. Dans des \u00e9tablissements d\u2019enseignement primaire ou secondaire, vous conna\u00eetrez ainsi des exemples concrets. Vous pourrez ainsi m\u00fbrir votre r\u00e9flexion, en pesant le pour et le contre, avec les bienfaits et les \u00e9ventuelles contraintes li\u00e9es \u00e0 cet \u00e9quipement.<\/p>\n<p>Vous avez aim\u00e9 nos articles ? Vous souhaitez recevoir nos prochaines publications ? Dans ce cas, pensez \u00e0 nous laisser votre adresse email. Et n\u2019oubliez pas de partager les articles qui vous ont plu aupr\u00e8s de vos proches ! Via votre page FaceBook ou votre compte Twitter, vous les ferez conna\u00eetre \u00e0 des parents d\u2019\u00e9l\u00e8ves ou aux coll\u00e8gues de votre entreprise !<\/p>\n<p>[\/et_pb_text][\/et_pb_column][et_pb_column type=\u00a0\u00bb1_3&Prime; _builder_version=\u00a0\u00bb4.21.0&Prime; _module_preset=\u00a0\u00bbdefault\u00a0\u00bb global_colors_info=\u00a0\u00bb{}\u00a0\u00bb][et_pb_text _builder_version=\u00a0\u00bb4.21.0&Prime; _module_preset=\u00a0\u00bbdefault\u00a0\u00bb text_font_size=\u00a0\u00bb9px\u00a0\u00bb text_line_height=\u00a0\u00bb1em\u00a0\u00bb header_font_size=\u00a0\u00bb10px\u00a0\u00bb header_2_font_size=\u00a0\u00bb10px\u00a0\u00bb global_colors_info=\u00a0\u00bb{}\u00a0\u00bb]<\/p>\n<h2>Un large choix de VPI \u00e0 d\u00e9couvrir\u00a0<\/h2>\n<p>Ces articles vous ont permis d\u2019avancer dans votre projet ? Vous maitrisez les quelques crit\u00e8res \u00e0 prendre en compte pour l\u2019acquisition d\u2019un ou plusieurs vid\u00e9oprojecteurs interactifs et tactiles ? Avant de commander sur le site Speechi, pensez \u00e0 nous rendre visite. Vous verrez le VPI fonctionner en conditions r\u00e9elles. Vous pourrez ainsi toucher l\u2019\u00e9cran et d\u00e9couvrir toutes les potentialit\u00e9s de cet appareil moderne et performant.<\/p>\n<p>Par ailleurs, si vous ne pouvez pas vous rendre dans nos locaux, notre service-client sera ravi de r\u00e9pondre \u00e0 toutes vos interrogations concernant ces appareils de projection. Il est facilement joignable par email ou au t\u00e9l\u00e9phone.<\/p>\n<p>Il compl\u00e8tera toutes les informations d\u00e9j\u00e0 pr\u00e9sentes sur nos fiches-produits, telles que le format d\u2019image, la taille maximale de l\u2019\u00e9cran, la distance de projection mais aussi la luminosit\u00e9 (exprim\u00e9e en lumens), la puissance de la lampe ou la r\u00e9solution native. Une fiche technique tr\u00e8s compl\u00e8te est \u00e9galement fournie, disponible au format PDF.<\/p>\n<p>Enfin, nous proposons de multiples services pour toute acquisition d\u2019un VPI Speechi ou de marque NEC : paiement s\u00e9curis\u00e9, solutions de financement, garantie \u2026<\/p>\n<p>[\/et_pb_text][\/et_pb_column][\/et_pb_row][\/et_pb_section][et_pb_section fb_built=\u00a0\u00bb1&Prime; _builder_version=\u00a0\u00bb4.21.0&Prime; _module_preset=\u00a0\u00bbdefault\u00a0\u00bb global_colors_info=\u00a0\u00bb{}\u00a0\u00bb][et_pb_row _builder_version=\u00a0\u00bb4.21.0&Prime; _module_preset=\u00a0\u00bbdefault\u00a0\u00bb background_color=\u00a0\u00bb#323a45&Prime; global_colors_info=\u00a0\u00bb{}\u00a0\u00bb][et_pb_column type=\u00a0\u00bb4_4&Prime; _builder_version=\u00a0\u00bb4.21.0&Prime; _module_preset=\u00a0\u00bbdefault\u00a0\u00bb global_colors_info=\u00a0\u00bb{}\u00a0\u00bb][et_pb_text _builder_version=\u00a0\u00bb4.21.0&Prime; _module_preset=\u00a0\u00bbdefault\u00a0\u00bb header_4_font=\u00a0\u00bbMontserrat|600|||||||\u00a0\u00bb header_4_text_align=\u00a0\u00bbcenter\u00a0\u00bb header_4_text_color=\u00a0\u00bb#ffffff\u00a0\u00bb header_4_font_size=\u00a0\u00bb30px\u00a0\u00bb custom_padding=\u00a0\u00bb|80px||80px|false|true\u00a0\u00bb global_colors_info=\u00a0\u00bb{}\u00a0\u00bb]<\/p>\n<h4><span>Recevez nos articles sur les outils TICE pour l&rsquo;\u00e9cole num\u00e9rique et les entreprises\u00a0<\/span><\/h4>\n<p>[\/et_pb_text][et_pb_code _builder_version=\u00a0\u00bb4.21.0&Prime; _module_preset=\u00a0\u00bbdefault\u00a0\u00bb custom_padding=\u00a0\u00bb|150px||150px|false|true\u00a0\u00bb global_colors_info=\u00a0\u00bb{}\u00a0\u00bb]<iframe frameborder=\"0\" style=\"height:220px;width:99%;border:none;\" src='https:\/\/forms.zohopublic.com\/thierryklein\/form\/NewsletterSpeechicomblog\/formperma\/M_8Uv-mwcTbC-xYRENE8tm9JmhJwG1sJa88mxdZWV3U?zf_lang=en'><\/iframe>[\/et_pb_code][\/et_pb_column][\/et_pb_row][\/et_pb_section]<\/p>\n","protected":false},"excerpt":{"rendered":"<p>FAQs vid\u00e9oprojecteur interactif (VPI)Tout savoir sur les Vid\u00e9oprojecteurs interactifs, autrefois produit phare de Speechi.Tous les articlesDans votre salle de classe, dans votre centre de formation ou dans la salle de r\u00e9union de votre entreprise, vous avez le choix entre diverses solutions interactives. Vous pouvez ainsi doter cette pi\u00e8ce d\u2019un tr\u00e8s grand \u00e9cran, d\u2019un TBI ou [&hellip;]<\/p>\n","protected":false},"author":13,"featured_media":0,"parent":0,"menu_order":0,"comment_status":"closed","ping_status":"closed","template":"","meta":{"_acf_changed":false,"_seopress_robots_primary_cat":"","_seopress_titles_title":"FAQs vid\u00e9oprojecteur : tout savoir sur les VPI tactiles","_seopress_titles_desc":"D\u00e9couvrez nos articles de blog sur les vid\u00e9oprojecteurs interactifs, \u00e9galement appel\u00e9s VPI. Ces vid\u00e9oprojecteurs ont r\u00e9volutionn\u00e9 la fa\u00e7on d'enseigner.","_seopress_robots_index":"","_et_pb_use_builder":"on","_et_pb_old_content":"","_et_gb_content_width":"","footnotes":""},"difl_page_category":[],"class_list":["post-44148918","page","type-page","status-publish","hentry"],"acf":[],"_links":{"self":[{"href":"https:\/\/speechi.com\/fr\/wp-json\/wp\/v2\/pages\/44148918","targetHints":{"allow":["GET"]}}],"collection":[{"href":"https:\/\/speechi.com\/fr\/wp-json\/wp\/v2\/pages"}],"about":[{"href":"https:\/\/speechi.com\/fr\/wp-json\/wp\/v2\/types\/page"}],"author":[{"embeddable":true,"href":"https:\/\/speechi.com\/fr\/wp-json\/wp\/v2\/users\/13"}],"replies":[{"embeddable":true,"href":"https:\/\/speechi.com\/fr\/wp-json\/wp\/v2\/comments?post=44148918"}],"version-history":[{"count":10,"href":"https:\/\/speechi.com\/fr\/wp-json\/wp\/v2\/pages\/44148918\/revisions"}],"predecessor-version":[{"id":44159052,"href":"https:\/\/speechi.com\/fr\/wp-json\/wp\/v2\/pages\/44148918\/revisions\/44159052"}],"wp:attachment":[{"href":"https:\/\/speechi.com\/fr\/wp-json\/wp\/v2\/media?parent=44148918"}],"wp:term":[{"taxonomy":"difl_page_category","embeddable":true,"href":"https:\/\/speechi.com\/fr\/wp-json\/wp\/v2\/difl_page_category?post=44148918"}],"curies":[{"name":"wp","href":"https:\/\/api.w.org\/{rel}","templated":true}]}}