{"id":44148932,"date":"2024-05-14T10:37:37","date_gmt":"2024-05-14T08:37:37","guid":{"rendered":"https:\/\/speechi.com\/?page_id=44148932"},"modified":"2024-10-10T11:03:41","modified_gmt":"2024-10-10T09:03:41","slug":"faq-visualiseurs","status":"publish","type":"page","link":"https:\/\/speechi.com\/fr\/faq-visualiseurs\/","title":{"rendered":"FAQs Visualiseurs"},"content":{"rendered":"<p>[et_pb_section fb_built=\u00a0\u00bb1&Prime; _builder_version=\u00a0\u00bb4.21.0&Prime; _module_preset=\u00a0\u00bbdefault\u00a0\u00bb custom_padding=\u00a0\u00bb||5px|||\u00a0\u00bb global_colors_info=\u00a0\u00bb{}\u00a0\u00bb][et_pb_row _builder_version=\u00a0\u00bb4.21.0&Prime; _module_preset=\u00a0\u00bbdefault\u00a0\u00bb global_colors_info=\u00a0\u00bb{}\u00a0\u00bb][et_pb_column type=\u00a0\u00bb4_4&Prime; _builder_version=\u00a0\u00bb4.21.0&Prime; _module_preset=\u00a0\u00bbdefault\u00a0\u00bb global_colors_info=\u00a0\u00bb{}\u00a0\u00bb][et_pb_text _builder_version=\u00a0\u00bb4.21.0&Prime; _module_preset=\u00a0\u00bbdefault\u00a0\u00bb header_font=\u00a0\u00bbMontserrat|600|||||||\u00a0\u00bb header_text_align=\u00a0\u00bbcenter\u00a0\u00bb hover_enabled=\u00a0\u00bb0&Prime; global_colors_info=\u00a0\u00bb{}\u00a0\u00bb sticky_enabled=\u00a0\u00bb0&Prime;]<\/p>\n<h1><span data-sheets-root=\"1\" data-sheets-value=\"{&quot;1&quot;:2,&quot;2&quot;:&quot;FAQs Visualiseurs&quot;}\" data-sheets-userformat=\"{&quot;2&quot;:513,&quot;3&quot;:{&quot;1&quot;:0},&quot;12&quot;:0}\">FAQs Visualiseurs : tout savoir sur les visualiseurs mobiles et de bureau<\/span><\/h1>\n<p>[\/et_pb_text][et_pb_text _builder_version=\u00a0\u00bb4.21.0&Prime; _module_preset=\u00a0\u00bbdefault\u00a0\u00bb text_orientation=\u00a0\u00bbcenter\u00a0\u00bb hover_enabled=\u00a0\u00bb0&Prime; global_colors_info=\u00a0\u00bb{}\u00a0\u00bb sticky_enabled=\u00a0\u00bb0&Prime;]<\/p>\n<p>Seul ou avec un \u00e9cran interactif, d\u00e9couvrez des exemples d&rsquo;usages p\u00e9dagogiques et professionnels du visualiseur.\u00a0<\/p>\n<p>[\/et_pb_text][\/et_pb_column][\/et_pb_row][\/et_pb_section][et_pb_section fb_built=\u00a0\u00bb1&Prime; _builder_version=\u00a0\u00bb4.21.0&Prime; _module_preset=\u00a0\u00bbdefault\u00a0\u00bb custom_padding=\u00a0\u00bb1px||15px|||\u00a0\u00bb global_colors_info=\u00a0\u00bb{}\u00a0\u00bb][et_pb_row _builder_version=\u00a0\u00bb4.21.0&Prime; _module_preset=\u00a0\u00bbdefault\u00a0\u00bb global_colors_info=\u00a0\u00bb{}\u00a0\u00bb][et_pb_column type=\u00a0\u00bb4_4&Prime; _builder_version=\u00a0\u00bb4.21.0&Prime; _module_preset=\u00a0\u00bbdefault\u00a0\u00bb global_colors_info=\u00a0\u00bb{}\u00a0\u00bb][et_pb_text _builder_version=\u00a0\u00bb4.21.0&Prime; _module_preset=\u00a0\u00bbdefault\u00a0\u00bb header_2_font=\u00a0\u00bbMontserrat|700|||||||\u00a0\u00bb header_2_text_align=\u00a0\u00bbcenter\u00a0\u00bb header_2_font_size=\u00a0\u00bb40px\u00a0\u00bb hover_enabled=\u00a0\u00bb0&Prime; global_colors_info=\u00a0\u00bb{}\u00a0\u00bb sticky_enabled=\u00a0\u00bb0&Prime;]<\/p>\n<h2>Tous les articles\u00a0<\/h2>\n<p>[\/et_pb_text][\/et_pb_column][\/et_pb_row][et_pb_row _builder_version=\u00a0\u00bb4.21.0&Prime; _module_preset=\u00a0\u00bbdefault\u00a0\u00bb hover_enabled=\u00a0\u00bb0&Prime; global_colors_info=\u00a0\u00bb{}\u00a0\u00bb sticky_enabled=\u00a0\u00bb0&Prime;][et_pb_column type=\u00a0\u00bb4_4&Prime; _builder_version=\u00a0\u00bb4.21.0&Prime; _module_preset=\u00a0\u00bbdefault\u00a0\u00bb global_colors_info=\u00a0\u00bb{}\u00a0\u00bb][et_pb_blog fullwidth=\u00a0\u00bboff\u00a0\u00bb posts_number=\u00a0\u00bb100&Prime; include_categories=\u00a0\u00bb74&Prime; use_manual_excerpt=\u00a0\u00bboff\u00a0\u00bb show_author=\u00a0\u00bboff\u00a0\u00bb show_date=\u00a0\u00bboff\u00a0\u00bb show_categories=\u00a0\u00bboff\u00a0\u00bb show_excerpt=\u00a0\u00bboff\u00a0\u00bb _builder_version=\u00a0\u00bb4.21.0&Prime; _module_preset=\u00a0\u00bbdefault\u00a0\u00bb header_font=\u00a0\u00bbMontserrat|600|||||||\u00a0\u00bb header_font_size=\u00a0\u00bb20px\u00a0\u00bb hover_enabled=\u00a0\u00bb0&Prime; border_width_all=\u00a0\u00bb0px\u00a0\u00bb global_colors_info=\u00a0\u00bb{}\u00a0\u00bb sticky_enabled=\u00a0\u00bb0&Prime;][\/et_pb_blog][\/et_pb_column][\/et_pb_row][\/et_pb_section][et_pb_section fb_built=\u00a0\u00bb1&Prime; _builder_version=\u00a0\u00bb4.21.0&Prime; _module_preset=\u00a0\u00bbdefault\u00a0\u00bb global_colors_info=\u00a0\u00bb{}\u00a0\u00bb][et_pb_row column_structure=\u00a0\u00bb1_3,1_3,1_3&Prime; _builder_version=\u00a0\u00bb4.21.0&Prime; _module_preset=\u00a0\u00bbdefault\u00a0\u00bb min_height=\u00a0\u00bb344px\u00a0\u00bb locked=\u00a0\u00bboff\u00a0\u00bb global_colors_info=\u00a0\u00bb{}\u00a0\u00bb][et_pb_column type=\u00a0\u00bb1_3&Prime; _builder_version=\u00a0\u00bb4.21.0&Prime; _module_preset=\u00a0\u00bbdefault\u00a0\u00bb global_colors_info=\u00a0\u00bb{}\u00a0\u00bb][et_pb_text _builder_version=\u00a0\u00bb4.21.0&Prime; _module_preset=\u00a0\u00bbdefault\u00a0\u00bb text_font_size=\u00a0\u00bb9px\u00a0\u00bb text_line_height=\u00a0\u00bb1em\u00a0\u00bb header_font_size=\u00a0\u00bb10px\u00a0\u00bb header_2_font_size=\u00a0\u00bb10px\u00a0\u00bb hover_enabled=\u00a0\u00bb0&Prime; global_colors_info=\u00a0\u00bb{}\u00a0\u00bb sticky_enabled=\u00a0\u00bb0&Prime;]<\/p>\n<p>Chez Speechi, nous proposons une large gamme de mat\u00e9riels vid\u00e9os et informatiques. Ils peuvent servir aussi bien dans une \u00e9cole que dans une entreprise. Vous pouvez ainsi utiliser un TBI ou un \u00e9cran interactif. Vous augmenterez leurs potentialit\u00e9s en utilisant divers p\u00e9riph\u00e9riques, comme un microphone, une cam\u00e9ra Haute D\u00e9finition ou <a href=\"https:\/\/speechi.com\/fr\/visualiseur\/\">un visualiseur<\/a>. Cet appareil l\u00e9ger et performant pr\u00e9sente de multiples avantages. Retrouvez les en lisant les diverses publications disponibles sur notre blog !<\/p>\n<h2>Des informations et des conseils sur les visualiseurs en vente chez Speechi !<\/h2>\n<p>Nos publications sont vari\u00e9es. Une partie de nos articles est d\u00e9di\u00e9e \u00e0 la pr\u00e9sentation de ces accessoires. Par exemple, nous proposons un article expliquant les vertus du <a href=\"https:\/\/speechi.com\/fr\/visualiseur-mobile\/\">visualiseur<\/a> pour les classes \u00e0 distance. Concr\u00e8tement, un enseignant du primaire ou du secondaire utilisera cet appareil pour montrer aux \u00e9l\u00e8ves rest\u00e9s chez eux un livre, un magazine ou un vieux journal. Ainsi, il ne sera pas utile de num\u00e9riser la page d\u2019une revue pour illustrer un cours de Fran\u00e7ais ou d\u2019histoire. Plut\u00f4t que de scanner une carte, il suffira de la montrer gr\u00e2ce \u00e0 la petite cam\u00e9ra d\u2019un mod\u00e8le de marque Elmo ou Speechi.<\/p>\n<p>Nos publications d\u00e9taillent le mode de fonctionnement et les nombreux avantages que des professeurs de lyc\u00e9e ou de coll\u00e8ge peuvent attendre de ces appareils. A ce titre, de pr\u00e9cieux conseils sont pr\u00e9sents sur ce blog. Nous aidons ainsi le corps enseignant \u00e0 diffuser des le\u00e7ons \u00e0 distance, tout en jouant sur l\u2019efficacit\u00e9 et la productivit\u00e9.<\/p>\n<p>Cependant, ces appareils peuvent aussi servir pour des cours pour des \u00e9l\u00e8ves en pr\u00e9sentiel ! M\u00eame dans le sup\u00e9rieur, les professeurs de sciences exactes ou de litt\u00e9rature peuvent se servir de fa\u00e7on ponctuelle ou r\u00e9guli\u00e8rement d\u2019un petit ou d\u2019un grand visualiseur. Cette utilisation peut se faire au sein d\u2019une grande salle (type amphith\u00e9\u00e2tre) ou dans une petite classe. Cependant, il est n\u00e9cessaire de disposer d\u2019une large surface de projection (\u00e9cran ou TBI).<\/p>\n<p>Une autre s\u00e9rie d\u2019articles pr\u00e9sente de fa\u00e7on d\u00e9taill\u00e9e certains visualiseurs en vente sur notre boutique en ligne. Ainsi, vous allez d\u00e9couvrir des mod\u00e8les Elmo, notamment avec une d\u00e9monstration pendant un cours de chimie. Gr\u00e2ce \u00e0 de grandes images, vous remarquerez les multiples fonctionnalit\u00e9s, comme le bras articul\u00e9 ou la puissance du zoom. Des vid\u00e9os illustrent souvent nos publications et nos guides d\u2019achat. Autrement dit, il ne sera pas toujours n\u00e9cessaire de lire enti\u00e8rement nos publications.<\/p>\n<p>Cependant, si nos articles vous ont plus, vous aurez sans doute envie de conna\u00eetre nos prochaines publications. Dans ce cas, pensez \u00e0 nous laisser votre adresse email !<\/p>\n<h2>Comment choisir votre appareil de visualisation ?<\/h2>\n<p>Nos explications, nos conseils et les pr\u00e9sentations de diff\u00e9rents visualiseurs vous ont donn\u00e9 envie de vous \u00e9quiper ? Pour une salle de r\u00e9union ou une classe, vous aurez le choix entre plusieurs appareils. Notre boutique en ligne compte de nombreuses r\u00e9f\u00e9rences. Heureusement, de multiples informations sont disponibles afin de faciliter votre achat en ligne !<\/p>\n<p>Pour chaque mod\u00e8le, nous fournissons toutes les donn\u00e9es importantes : type (mobile ou de bureau), r\u00e9solution maximale, surface de capture mais aussi puissances des zooms (m\u00e9canique et num\u00e9rique). Nous indiquons l\u2019ensemble des fonctionnalit\u00e9s pr\u00e9sentes, comme la rotation de l\u2019image, le mode cam\u00e9ra ou le microphone int\u00e9gr\u00e9 sur certains mod\u00e8les.<\/p>\n<p>Outre les conseils de notre blogs et les informations exhaustives disponibles sur nos fiches-produits, nous mettons \u00e0 votre disposition de nombreux services. Ainsi, un programme de pr\u00eat est propos\u00e9 sous certaines conditions. Il est aussi possible d\u2019acheter en leasing certains visualiseurs.<\/p>\n<p>Notre service-client est \u00e0 votre \u00e9coute si vous avez la moindre question \u00e0 nous poser au sujet d\u2019un de ces appareils vid\u00e9o. Vous pouvez nous \u00e9crire ou nous t\u00e9l\u00e9phoner !<\/p>\n<p>[\/et_pb_text][\/et_pb_column][et_pb_column type=\u00a0\u00bb1_3&Prime; _builder_version=\u00a0\u00bb4.21.0&Prime; _module_preset=\u00a0\u00bbdefault\u00a0\u00bb global_colors_info=\u00a0\u00bb{}\u00a0\u00bb][et_pb_text _builder_version=\u00a0\u00bb4.21.0&Prime; _module_preset=\u00a0\u00bbdefault\u00a0\u00bb text_font_size=\u00a0\u00bb9px\u00a0\u00bb text_line_height=\u00a0\u00bb1em\u00a0\u00bb header_font_size=\u00a0\u00bb10px\u00a0\u00bb header_2_font_size=\u00a0\u00bb10px\u00a0\u00bb hover_enabled=\u00a0\u00bb0&Prime; global_colors_info=\u00a0\u00bb{}\u00a0\u00bb sticky_enabled=\u00a0\u00bb0&Prime;]<\/p>\n<h2>Les visualiseurs Speechi<\/h2>\n<p>La marque Speechi propose un grand nombre de produits tournant autour des \u00e9crans interactifs. De plus, ils vous proposent une large palette de foire aux questions vous aidant sur tous les niveaux, de l\u2019installation jusqu\u2019\u00e0 son fonctionnement.<\/p>\n<h2>Qu\u2019est-ce qu\u2019un visualiseur ?<\/h2>\n<p>Les visualiseurs sont des outils num\u00e9riques tr\u00e8s efficaces. En effet, ils vont permettre aux personnes l\u2019utilisant de diffuser leurs cam\u00e9ras sur quelconque support. Cela peut \u00eatre, un ordinateur, un TBI ou bien un vid\u00e9oprojecteur.<\/p>\n<p>Il est l\u2019\u00e9quivalent d\u2019un vid\u00e9oprojecteur, n\u00e9anmoins il est nettement plus pratique. En effet, il est bien plus complet gr\u00e2ce \u00e0 sa cam\u00e9ra, il permettra de faire des captures d\u2019\u00e9cran et de faire appara\u00eetre diverses images telles que des photos, des textes ainsi que des objets, dans une qualit\u00e9 parfaite.<\/p>\n<p>Il est tr\u00e8s appr\u00e9ci\u00e9 dans les \u00e9coles primaires, car il peut permettre de faire participer tout le monde dans ce genre de projet. D\u2019autant plus que sa manipulation est tr\u00e8s simple, il est reli\u00e9 \u00e0 un \u00e9cran ou \u00e0 un vid\u00e9oprojecteur. Par la suite, il diffusera automatiquement les images que vous lui ferez capturer.<\/p>\n<h2>Les avantages des visualiseurs chez Speechi<\/h2>\n<p>Speechi innove de plus en plus. En effet, la marque d\u00e9veloppe diverses solutions qu\u2019elles soient mat\u00e9rielles ou digitales. Celles-ci modifient consid\u00e9rablement la fa\u00e7on qu\u2019ont les professionnels et les \u00e9tudiants de travailler, et de faire quelconque pr\u00e9sentation. Ils sont partis du TBI et finissent par des robots programmables, mais entre-temps, ils ont r\u00e9ussi \u00e0 instaurer divers outils pratiquent pour les \u00e9coles et les entreprises comme des \u00e9crans interactifs et des outils de visioconf\u00e9rences.<\/p>\n<p>Gr\u00e2ce \u00e0 eux, les entreprises sont davantage innovantes, efficaces et se perfectionnent de jour en jour.<\/p>\n<p>Les visualiseurs Speechi ont \u00e9t\u00e9 con\u00e7us pour que les professionnels et les enseignants n&rsquo;aient aucune difficult\u00e9 au niveau de leur utilisation, et ainsi, qu\u2019il soit facile de le manipuler. En effet, celui-ci a de nombreuses qualit\u00e9s d\u2019images et une bonne fluidit\u00e9.<\/p>\n<p>De plus, il va facilement se connectera avec tout type de mat\u00e9riel, car il comporte divers ports. Vous pouvez \u00e9galement trouver sur leur site certains mod\u00e8les sans fil.<\/p>\n<p>[\/et_pb_text][\/et_pb_column][et_pb_column type=\u00a0\u00bb1_3&Prime; _builder_version=\u00a0\u00bb4.21.0&Prime; _module_preset=\u00a0\u00bbdefault\u00a0\u00bb global_colors_info=\u00a0\u00bb{}\u00a0\u00bb][et_pb_text _builder_version=\u00a0\u00bb4.21.0&Prime; _module_preset=\u00a0\u00bbdefault\u00a0\u00bb text_font_size=\u00a0\u00bb9px\u00a0\u00bb text_line_height=\u00a0\u00bb1em\u00a0\u00bb header_font_size=\u00a0\u00bb10px\u00a0\u00bb header_2_font_size=\u00a0\u00bb10px\u00a0\u00bb hover_enabled=\u00a0\u00bb0&Prime; global_colors_info=\u00a0\u00bb{}\u00a0\u00bb sticky_enabled=\u00a0\u00bb0&Prime;]<\/p>\n<h2>Les visualiseurs ELMO<\/h2>\n<p>Les visualiseurs sont de plus en plus populaires depuis ces derni\u00e8res ann\u00e9es. ELMO propose des mod\u00e8les d\u00e9di\u00e9s au travail interactif, que cela soit dans le monde scolaire ou de l\u2019entreprise. Profitez d\u2019une retransmission d&rsquo;images de tr\u00e8s haute qualit\u00e9 en 4K selon les mod\u00e8les, ainsi que d\u2019un design sobre et \u00e9l\u00e9gant.<\/p>\n<h2>Les visualiseurs ELMO, qu\u2019est-ce que c\u2019est ?<\/h2>\n<p>Un visualiseur est utilis\u00e9 pour montrer des documents en direct sur un tableau ou un \u00e9cran d\u2019ordinateur. Souvent accompagn\u00e9s d\u2019une webcam ou d\u2019un vid\u00e9oprojecteur, les visualiseurs sont principalement utilis\u00e9s dans le milieu scolaire.<\/p>\n<p>Pour projeter des documents de fa\u00e7on pr\u00e9cise, ELMO fait partie des leaders. Les visualiseurs de la marque se d\u00e9clinent sous diff\u00e9rents mod\u00e8les aux technologies vari\u00e9es. En effet, vous trouverez des visualiseurs de diff\u00e9rentes tailles et avec une fid\u00e9lit\u00e9 d\u2019image plus ou moins grande, selon vos besoins et vos attentes.<\/p>\n<p>ELMO propose notamment des visualiseurs permettant de projeter une image en tr\u00e8s haute d\u00e9finition, jusqu\u2019en 4K. Les fonctionnalit\u00e9s sont nombreuses, avec \u00e9cran tactile, \u00e9clairage LED et des capteurs performants.<\/p>\n<h2>Pourquoi utiliser un visualiseur ELMO ?<\/h2>\n<p>Vous pouvez utiliser ce type de produits dans de nombreux domaines. N\u00e9anmoins, le milieu scolaire et de l\u2019entreprise restent ceux o\u00f9 vous les verrez \u00eatre utilis\u00e9s le plus.<\/p>\n<p>En effet, en entreprise, ils peuvent \u00eatre utilis\u00e9s pour projeter des documents importants \u00e0 une audience lors d\u2019une r\u00e9union. De cette fa\u00e7on, toutes les personnes pr\u00e9sentes y ont acc\u00e8s simultan\u00e9ment. Les entreprises en informatique pourront \u00e9galement projeter des composants et autres pi\u00e8ces en direct.<\/p>\n<p>Dans le milieu scolaire, l\u2019avantage r\u00e9side dans le fait qu\u2019un professeur peut montrer \u00e0 ses \u00e9l\u00e8ves divers documents et objets dans un cadre p\u00e9dagogique. Cela permet de dynamiser un cours et de susciter l\u2019int\u00e9r\u00eat de la salle de classe gr\u00e2ce aux zooms et la qualit\u00e9 d\u2019image, tout en \u00e9conomisant sur le papier et les impressions.<\/p>\n<h2>Visualiseurs : Guide et Comparatifs<\/h2>\n<p>La pand\u00e9mie de COVID-19 a d\u00e9mocratis\u00e9 l\u2019utilisation de nouveaux outils pour l\u2019enseignement. Ces nouveaux outils ont pour objectif d\u2019enseigner \u00e0 distance en temps r\u00e9el sans perdre de temps li\u00e9s aux contraintes de la distance. Parmi ces pratiques, la technologie de la visioconf\u00e9rence s\u2019est largement r\u00e9pandue. C\u2019est le cas \u00e9galement des visualiseurs de document.<\/p>\n<h2>Un visualiseur qu\u2019est-ce que c\u2019est ?<\/h2>\n<p>Un visualiseur se d\u00e9finit comme un outil p\u00e9dagogique moderne qui a la m\u00eame utilit\u00e9 qu\u2019un \u00e9piscope. Il permet de visualiser sur un support informatique un document en temps r\u00e9el. Il permet de projeter des plans, dessins, cours sans pr\u00e9paration pr\u00e9alable pour assurer la diffusion. On peut l\u2019associer \u00e0 un tableau blanc interactif fixe ou mobile, mais aussi directement aux ordinateurs des \u00e9tudiants via l\u2019utilisation d\u2019un logiciel.<\/p>\n<\/h2>\n<p>\u00c0 quoi \u00e7a sert ?<\/h2>\n<p>Cela permet de rendre un cours \u00e0 distance beaucoup plus interactif, en faisant participer les \u00e9l\u00e8ves directement sur un document commun que vous pr\u00e9sentez \u00e0 toute la classe. Cela permet d\u2019assurer des conditions d\u2019enseignements optimales pour les \u00e9tudiants, m\u00eame en cas de cours \u00e0 distance.<\/p>\n<h2>Les visualiseurs ont-ils encore la c\u00f4te apr\u00e8s la pand\u00e9mie ?<\/h2>\n<p>Bien que la pand\u00e9mie de COVID-19 semble derri\u00e8re nous et que l\u2019enseignement physique a repris, la d\u00e9mocratisation de ces outils assure le d\u00e9veloppement de cursus \u00e0 distance qualitatifs et fiables. De plus en plus d&rsquo;universit\u00e9s renomm\u00e9es proposent des formations enti\u00e8rement \u00e0 distance, gr\u00e2ce \u00e0 la qualit\u00e9 des outils d\u00e9sormais disponibles.<\/p>\n<p>De plus, les visualiseurs peuvent tout \u00e0 fait \u00eatre associ\u00e9s \u00e0 un tableau blanc interactif ou un r\u00e9troprojecteur. Il a donc toute son utilit\u00e9 lors de cours propos\u00e9s en physique. Il permet de questionner la classe enti\u00e8re autour d\u2019une question ou d\u2019un sujet pr\u00e9cis, sans contrainte de pr\u00e9paration pr\u00e9alable \u00e0 la diffusion des images. Cette libert\u00e9 de r\u00e9flexion enrichit naturellement les \u00e9changes et l\u2019enseignement.<\/p>\n<p>[\/et_pb_text][\/et_pb_column][\/et_pb_row][\/et_pb_section][et_pb_section fb_built=\u00a0\u00bb1&Prime; _builder_version=\u00a0\u00bb4.21.0&Prime; _module_preset=\u00a0\u00bbdefault\u00a0\u00bb global_colors_info=\u00a0\u00bb{}\u00a0\u00bb][et_pb_row _builder_version=\u00a0\u00bb4.21.0&Prime; _module_preset=\u00a0\u00bbdefault\u00a0\u00bb background_color=\u00a0\u00bb#323a45&Prime; global_colors_info=\u00a0\u00bb{}\u00a0\u00bb][et_pb_column type=\u00a0\u00bb4_4&Prime; _builder_version=\u00a0\u00bb4.21.0&Prime; _module_preset=\u00a0\u00bbdefault\u00a0\u00bb global_colors_info=\u00a0\u00bb{}\u00a0\u00bb][et_pb_text _builder_version=\u00a0\u00bb4.21.0&Prime; _module_preset=\u00a0\u00bbdefault\u00a0\u00bb header_4_font=\u00a0\u00bbMontserrat|600|||||||\u00a0\u00bb header_4_text_align=\u00a0\u00bbcenter\u00a0\u00bb header_4_text_color=\u00a0\u00bb#ffffff\u00a0\u00bb header_4_font_size=\u00a0\u00bb30px\u00a0\u00bb custom_padding=\u00a0\u00bb|80px||80px|false|true\u00a0\u00bb hover_enabled=\u00a0\u00bb0&Prime; global_colors_info=\u00a0\u00bb{}\u00a0\u00bb sticky_enabled=\u00a0\u00bb0&Prime;]<\/p>\n<h4><span>Recevez toutes nos actus sur les visualiseurs et leurs usages<\/span><\/h4>\n<p>[\/et_pb_text][et_pb_code _builder_version=\u00a0\u00bb4.21.0&Prime; _module_preset=\u00a0\u00bbdefault\u00a0\u00bb custom_padding=\u00a0\u00bb|150px||150px|false|true\u00a0\u00bb global_colors_info=\u00a0\u00bb{}\u00a0\u00bb]<iframe frameborder=\"0\" style=\"height:220px;width:99%;border:none;\" src='https:\/\/forms.zohopublic.com\/thierryklein\/form\/NewsletterSpeechicomblog\/formperma\/M_8Uv-mwcTbC-xYRENE8tm9JmhJwG1sJa88mxdZWV3U?zf_lang=en'><\/iframe>[\/et_pb_code][\/et_pb_column][\/et_pb_row][\/et_pb_section]<\/p>\n","protected":false},"excerpt":{"rendered":"<p>FAQs Visualiseurs : tout savoir sur les visualiseurs mobiles et de bureauSeul ou avec un \u00e9cran interactif, d\u00e9couvrez des exemples d&rsquo;usages p\u00e9dagogiques et professionnels du visualiseur.\u00a0Tous les articles\u00a0Chez Speechi, nous proposons une large gamme de mat\u00e9riels vid\u00e9os et informatiques. Ils peuvent servir aussi bien dans une \u00e9cole que dans une entreprise. Vous pouvez ainsi utiliser [&hellip;]<\/p>\n","protected":false},"author":13,"featured_media":0,"parent":0,"menu_order":0,"comment_status":"closed","ping_status":"closed","template":"","meta":{"_acf_changed":false,"_seopress_robots_primary_cat":"","_seopress_titles_title":"Tout savoir sur notre gamme de visualiseurs 4K et HD","_seopress_titles_desc":"D\u00e9couvrez des conseils et nouveaut\u00e9s sur les visualiseurs Speechi (y compris SpeechiCam 7) et ELMO, deux marques distribu\u00e9es par Speechi en France.","_seopress_robots_index":"","_et_pb_use_builder":"on","_et_pb_old_content":"","_et_gb_content_width":"","footnotes":""},"difl_page_category":[],"class_list":["post-44148932","page","type-page","status-publish","hentry"],"acf":[],"_links":{"self":[{"href":"https:\/\/speechi.com\/fr\/wp-json\/wp\/v2\/pages\/44148932","targetHints":{"allow":["GET"]}}],"collection":[{"href":"https:\/\/speechi.com\/fr\/wp-json\/wp\/v2\/pages"}],"about":[{"href":"https:\/\/speechi.com\/fr\/wp-json\/wp\/v2\/types\/page"}],"author":[{"embeddable":true,"href":"https:\/\/speechi.com\/fr\/wp-json\/wp\/v2\/users\/13"}],"replies":[{"embeddable":true,"href":"https:\/\/speechi.com\/fr\/wp-json\/wp\/v2\/comments?post=44148932"}],"version-history":[{"count":10,"href":"https:\/\/speechi.com\/fr\/wp-json\/wp\/v2\/pages\/44148932\/revisions"}],"predecessor-version":[{"id":44174775,"href":"https:\/\/speechi.com\/fr\/wp-json\/wp\/v2\/pages\/44148932\/revisions\/44174775"}],"wp:attachment":[{"href":"https:\/\/speechi.com\/fr\/wp-json\/wp\/v2\/media?parent=44148932"}],"wp:term":[{"taxonomy":"difl_page_category","embeddable":true,"href":"https:\/\/speechi.com\/fr\/wp-json\/wp\/v2\/difl_page_category?post=44148932"}],"curies":[{"name":"wp","href":"https:\/\/api.w.org\/{rel}","templated":true}]}}