{"id":44149935,"date":"2024-05-22T15:09:39","date_gmt":"2024-05-22T13:09:39","guid":{"rendered":"https:\/\/speechi.com\/?page_id=44149935"},"modified":"2024-11-26T16:55:55","modified_gmt":"2024-11-26T15:55:55","slug":"support-ecrans-speechidisplay","status":"publish","type":"page","link":"https:\/\/speechi.com\/fr\/support-ecrans-speechidisplay\/","title":{"rendered":"Support &#8211; Gammes SpeechiDisplay"},"content":{"rendered":"<p>[et_pb_section fb_built=\u00a0\u00bb1&Prime; _builder_version=\u00a0\u00bb4.21.0&Prime; _module_preset=\u00a0\u00bbdefault\u00a0\u00bb background_color=\u00a0\u00bb#f5f5f5&Prime; background_enable_image=\u00a0\u00bboff\u00a0\u00bb custom_padding=\u00a0\u00bb35px||35px||false|false\u00a0\u00bb locked=\u00a0\u00bboff\u00a0\u00bb global_colors_info=\u00a0\u00bb{}\u00a0\u00bb][et_pb_row _builder_version=\u00a0\u00bb4.21.0&Prime; _module_preset=\u00a0\u00bbdefault\u00a0\u00bb global_colors_info=\u00a0\u00bb{}\u00a0\u00bb][et_pb_column type=\u00a0\u00bb4_4&Prime; _builder_version=\u00a0\u00bb4.21.0&Prime; _module_preset=\u00a0\u00bbdefault\u00a0\u00bb global_colors_info=\u00a0\u00bb{}\u00a0\u00bb][et_pb_text _builder_version=\u00a0\u00bb4.21.0&Prime; _module_preset=\u00a0\u00bbdefault\u00a0\u00bb global_colors_info=\u00a0\u00bb{}\u00a0\u00bb]<\/p>\n<h1>Support des \u00e9crans interactifs d&rsquo;affichage dynamique SpeechiDisplay<\/h1>\n<p>[\/et_pb_text][et_pb_text _builder_version=\u00a0\u00bb4.21.0&Prime; _module_preset=\u00a0\u00bbdefault\u00a0\u00bb custom_margin=\u00a0\u00bb||0px||false|false\u00a0\u00bb global_colors_info=\u00a0\u00bb{}\u00a0\u00bb]<\/p>\n<p>Retrouvez toute la documentation technique pour les \u00e9crans d&rsquo;affichage dynamique SpeechiDisplay.<\/p>\n<p>[\/et_pb_text][\/et_pb_column][\/et_pb_row][\/et_pb_section][et_pb_section fb_built=\u00a0\u00bb1&Prime; admin_label=\u00a0\u00bbSection\u00a0\u00bb _builder_version=\u00a0\u00bb4.21.0&Prime; _module_preset=\u00a0\u00bbdefault\u00a0\u00bb custom_padding=\u00a0\u00bb20px||||false|false\u00a0\u00bb locked=\u00a0\u00bboff\u00a0\u00bb collapsed=\u00a0\u00bbon\u00a0\u00bb global_colors_info=\u00a0\u00bb{}\u00a0\u00bb][et_pb_row _builder_version=\u00a0\u00bb4.27.3&Prime; _module_preset=\u00a0\u00bbdefault\u00a0\u00bb custom_margin=\u00a0\u00bb||||false|false\u00a0\u00bb custom_padding=\u00a0\u00bb||0px||false|false\u00a0\u00bb locked=\u00a0\u00bboff\u00a0\u00bb global_colors_info=\u00a0\u00bb{}\u00a0\u00bb][et_pb_column type=\u00a0\u00bb4_4&Prime; _builder_version=\u00a0\u00bb4.21.0&Prime; _module_preset=\u00a0\u00bbdefault\u00a0\u00bb custom_padding=\u00a0\u00bb||0px||false|false\u00a0\u00bb global_colors_info=\u00a0\u00bb{}\u00a0\u00bb][et_pb_button button_url=\u00a0\u00bb@ET-DC@eyJkeW5hbWljIjp0cnVlLCJjb250ZW50IjoicG9zdF9saW5rX3VybF9wYWdlIiwic2V0dGluZ3MiOnsicG9zdF9pZCI6IjQ0MTY4NzQ0In19@\u00a0\u00bb button_text=\u00a0\u00bb\u2190 Retour\u00a0\u00bb _builder_version=\u00a0\u00bb4.27.3&Prime; _dynamic_attributes=\u00a0\u00bbbutton_url\u00a0\u00bb _module_preset=\u00a0\u00bbdefault\u00a0\u00bb custom_button=\u00a0\u00bbon\u00a0\u00bb button_text_size=\u00a0\u00bb14px\u00a0\u00bb button_bg_color=\u00a0\u00bb#ffffff\u00a0\u00bb button_border_width=\u00a0\u00bb0px\u00a0\u00bb button_border_radius=\u00a0\u00bb0px\u00a0\u00bb button_use_icon=\u00a0\u00bboff\u00a0\u00bb custom_padding=\u00a0\u00bb|||0px|false|false\u00a0\u00bb global_colors_info=\u00a0\u00bb{}\u00a0\u00bb][\/et_pb_button][\/et_pb_column][\/et_pb_row][et_pb_row _builder_version=\u00a0\u00bb4.21.0&Prime; _module_preset=\u00a0\u00bbdefault\u00a0\u00bb custom_padding=\u00a0\u00bb||||false|false\u00a0\u00bb collapsed=\u00a0\u00bbon\u00a0\u00bb global_colors_info=\u00a0\u00bb{}\u00a0\u00bb][et_pb_column type=\u00a0\u00bb4_4&Prime; _builder_version=\u00a0\u00bb4.21.0&Prime; _module_preset=\u00a0\u00bbdefault\u00a0\u00bb global_colors_info=\u00a0\u00bb{}\u00a0\u00bb][et_pb_text _builder_version=\u00a0\u00bb4.21.0&Prime; _module_preset=\u00a0\u00bbdefault\u00a0\u00bb custom_margin=\u00a0\u00bb||0px||false|false\u00a0\u00bb global_colors_info=\u00a0\u00bb{}\u00a0\u00bb]<\/p>\n<h2>SpeechiDisplay (-002)<\/h2>\n<p>[\/et_pb_text][et_pb_text _builder_version=\u00a0\u00bb4.21.0&Prime; _module_preset=\u00a0\u00bbdefault\u00a0\u00bb text_font=\u00a0\u00bb|300|||||||\u00a0\u00bb text_font_size=\u00a0\u00bb12px\u00a0\u00bb text_line_height=\u00a0\u00bb1.5em\u00a0\u00bb custom_padding=\u00a0\u00bb8px||||false|false\u00a0\u00bb locked=\u00a0\u00bboff\u00a0\u00bb global_colors_info=\u00a0\u00bb{}\u00a0\u00bb]R\u00e9f. SD-43-UHD-AND-002, SD-55-UHD-AND-002, SD-65-UHD-AND-002, SD-75-UHD-AND-002, SD-86-UHD-AND-002[\/et_pb_text][et_pb_text _builder_version=\u00a0\u00bb4.21.0&Prime; _module_preset=\u00a0\u00bbdefault\u00a0\u00bb custom_margin=\u00a0\u00bb0px||0px||false|false\u00a0\u00bb global_colors_info=\u00a0\u00bb{}\u00a0\u00bb]<\/p>\n<h3>Mise en route<\/h3>\n<p>[\/et_pb_text][et_pb_text _builder_version=\u00a0\u00bb4.21.0&Prime; _module_preset=\u00a0\u00bbdefault\u00a0\u00bb custom_margin=\u00a0\u00bb||||false|false\u00a0\u00bb custom_padding=\u00a0\u00bb|||20px|false|false\u00a0\u00bb locked=\u00a0\u00bboff\u00a0\u00bb global_colors_info=\u00a0\u00bb{}\u00a0\u00bb]<\/p>\n<ul>\n<li><a href=\"https:\/\/speechi-support.speechi.net\/Screens\/SPEECHIDISPLAY\/MAN_SpeechiDisplay-SD-002.pdf\">Manuel d&rsquo;utilisation<\/a><\/li>\n<li><a href=\"https:\/\/speechi-support.speechi.net\/Screens\/SPEECHIDISPLAY\/Lancement-rapide-SD-xx-UHD-AND-001.pdf\">Guide de d\u00e9marrage rapide<\/a><\/li>\n<\/ul>\n<p>[\/et_pb_text][et_pb_text _builder_version=\u00a0\u00bb4.21.0&Prime; _module_preset=\u00a0\u00bbdefault\u00a0\u00bb custom_margin=\u00a0\u00bb0px||0px||false|false\u00a0\u00bb global_colors_info=\u00a0\u00bb{}\u00a0\u00bb]<\/p>\n<h3>Plans techniques et dimensions<\/h3>\n<p>[\/et_pb_text][et_pb_text _builder_version=\u00a0\u00bb4.21.0&Prime; _module_preset=\u00a0\u00bbdefault\u00a0\u00bb custom_padding=\u00a0\u00bb|||20px|false|false\u00a0\u00bb locked=\u00a0\u00bboff\u00a0\u00bb global_colors_info=\u00a0\u00bb{}\u00a0\u00bb]<\/p>\n<ul>\n<li><a href=\"https:\/\/speechi-support.speechi.net\/Screens\/SPEECHIDISPLAY\/SD-XX-UHD-AND-002\/plan-SD-43-UHD-AND-002.pdf\">Plan 43 pouces<\/a><\/li>\n<li><a href=\"https:\/\/speechi-support.speechi.net\/Screens\/SPEECHIDISPLAY\/SD-XX-UHD-AND-002\/FT_SpeechiDisplay_SD-43-UHD-AND-002.pdf\">Fiche technique 43 pouces<\/a><\/li>\n<li><a href=\"https:\/\/speechi-support.speechi.net\/Screens\/SPEECHIDISPLAY\/SD-XX-UHD-AND-002\/plan-SD-55-UHD-AND-002.pdf\">Plan 55 pouces<\/a><\/li>\n<li><a href=\"https:\/\/speechi-support.speechi.net\/Screens\/SPEECHIDISPLAY\/SD-XX-UHD-AND-002\/FT_SpeechiDisplay_SD-55-UHD-AND-002.pdf\">Fiche technique 55 pouces<\/a><\/li>\n<li><a href=\"https:\/\/speechi-support.speechi.net\/Screens\/SPEECHIDISPLAY\/SD-XX-UHD-AND-002\/plan-SD-65-UHD-AND-002.pdf\">Plan 65 pouces<\/a><\/li>\n<li><a href=\"https:\/\/speechi-support.speechi.net\/Screens\/SPEECHIDISPLAY\/SD-XX-UHD-AND-002\/plan-SD-75-UHD-AND-002.pdf\">Plan 75 pouces<\/a><\/li>\n<li><a href=\"https:\/\/speechi-support.speechi.net\/Screens\/SPEECHIDISPLAY\/SD-XX-UHD-AND-002\/plan-SD-86-UHD-AND-002.pdf\">Plan 86 pouces<\/a><\/li>\n<li><a href=\"https:\/\/speechi-support.speechi.net\/Screens\/SPEECHIDISPLAY\/SD-XX-UHD-AND-002\/FT_SpeechiDisplay_SD-86-UHD-AND-002.pdf\">Fiche technique 86 pouces<\/a><\/li>\n<\/ul>\n<p>[\/et_pb_text][et_pb_divider color=\u00a0\u00bb#eaeaea\u00a0\u00bb divider_weight=\u00a0\u00bb2px\u00a0\u00bb _builder_version=\u00a0\u00bb4.21.0&Prime; _module_preset=\u00a0\u00bbdefault\u00a0\u00bb custom_margin=\u00a0\u00bb||||false|false\u00a0\u00bb custom_padding=\u00a0\u00bb20px||||false|false\u00a0\u00bb global_colors_info=\u00a0\u00bb{}\u00a0\u00bb][\/et_pb_divider][et_pb_text _builder_version=\u00a0\u00bb4.21.0&Prime; _module_preset=\u00a0\u00bbdefault\u00a0\u00bb custom_margin=\u00a0\u00bb||0px||false|false\u00a0\u00bb global_colors_info=\u00a0\u00bb{}\u00a0\u00bb]<\/p>\n<h2>SpeechiDisplay (-001)<\/h2>\n<p>[\/et_pb_text][et_pb_text _builder_version=\u00a0\u00bb4.21.0&Prime; _module_preset=\u00a0\u00bbdefault\u00a0\u00bb text_font=\u00a0\u00bb|300|||||||\u00a0\u00bb text_font_size=\u00a0\u00bb12px\u00a0\u00bb text_line_height=\u00a0\u00bb1.5em\u00a0\u00bb custom_padding=\u00a0\u00bb8px||||false|false\u00a0\u00bb locked=\u00a0\u00bboff\u00a0\u00bb global_colors_info=\u00a0\u00bb{}\u00a0\u00bb]R\u00e9f. SD-43-UHD-AND-001, SD-55-UHD-AND-001, SD-65-UHD-AND-001, SD-75-UHD-AND-001, SD-86-UHD-AND-001[\/et_pb_text][et_pb_text _builder_version=\u00a0\u00bb4.21.0&Prime; _module_preset=\u00a0\u00bbdefault\u00a0\u00bb custom_margin=\u00a0\u00bb0px||0px||false|false\u00a0\u00bb global_colors_info=\u00a0\u00bb{}\u00a0\u00bb]<\/p>\n<h3>Mise en route<\/h3>\n<p>[\/et_pb_text][et_pb_text _builder_version=\u00a0\u00bb4.21.0&Prime; _module_preset=\u00a0\u00bbdefault\u00a0\u00bb custom_margin=\u00a0\u00bb||||false|false\u00a0\u00bb custom_padding=\u00a0\u00bb|||20px|false|false\u00a0\u00bb locked=\u00a0\u00bboff\u00a0\u00bb global_colors_info=\u00a0\u00bb{}\u00a0\u00bb]<\/p>\n<ul>\n<li><a href=\"https:\/\/speechi-support.speechi.net\/Screens\/SPEECHIDISPLAY\/Manuel_SpeechiDisplay-001-FR.pdf\">Manuel d&rsquo;utilisation<\/a><\/li>\n<li><a href=\"https:\/\/speechi-support.speechi.net\/Screens\/SPEECHIDISPLAY\/Lancement-rapide-SD-xx-UHD-AND-001.pdf\">Guide de d\u00e9marrage rapide<\/a><\/li>\n<\/ul>\n<p>[\/et_pb_text][et_pb_text _builder_version=\u00a0\u00bb4.21.0&Prime; _module_preset=\u00a0\u00bbdefault\u00a0\u00bb custom_margin=\u00a0\u00bb0px||0px||false|false\u00a0\u00bb global_colors_info=\u00a0\u00bb{}\u00a0\u00bb]<\/p>\n<h3>Plans techniques et dimensions<\/h3>\n<p>[\/et_pb_text][et_pb_text _builder_version=\u00a0\u00bb4.21.0&Prime; _module_preset=\u00a0\u00bbdefault\u00a0\u00bb custom_padding=\u00a0\u00bb|||20px|false|false\u00a0\u00bb locked=\u00a0\u00bboff\u00a0\u00bb global_colors_info=\u00a0\u00bb{}\u00a0\u00bb]<\/p>\n<ul>\n<li><a href=\"https:\/\/speechi-support.speechi.net\/Screens\/SPEECHIDISPLAY\/plan-SD-43-UHD-AND-001.pdf\">43 pouces<\/a><\/li>\n<li><a href=\"https:\/\/speechi-support.speechi.net\/Screens\/SPEECHIDISPLAY\/plan-SD-55-UHD-AND-001.pdf\">55 pouces<\/a><\/li>\n<li><a href=\"https:\/\/speechi-support.speechi.net\/Screens\/SPEECHIDISPLAY\/plan-SD-65-UHD-AND-001.pdf\">65 pouces<\/a><\/li>\n<li><a href=\"https:\/\/speechi-support.speechi.net\/Screens\/SPEECHIDISPLAY\/SD-XX-UHD-AND-001\/FT_SpeechiDisplay_SD-65-UHD-AND-001.pdf\">Fiche technique 65 pouces<\/a><\/li>\n<li><a href=\"https:\/\/speechi-support.speechi.net\/Screens\/SPEECHIDISPLAY\/plan-SD-75-UHD-AND-001.pdf\">75 pouces<\/a><\/li>\n<li><a href=\"https:\/\/speechi-support.speechi.net\/Screens\/SPEECHIDISPLAY\/SD-XX-UHD-AND-001\/FT_SpeechiDisplay_SD-75-UHD-AND-001.pdf\">Fiche technique 75 pouces<\/a><\/li>\n<li><a href=\"https:\/\/speechi-support.speechi.net\/Screens\/SPEECHIDISPLAY\/plan-SD-86-UHD-AND-001.pdf\">86 pouces<\/a><\/li>\n<\/ul>\n<p>[\/et_pb_text][et_pb_divider color=\u00a0\u00bb#eaeaea\u00a0\u00bb divider_weight=\u00a0\u00bb2px\u00a0\u00bb _builder_version=\u00a0\u00bb4.21.0&Prime; _module_preset=\u00a0\u00bbdefault\u00a0\u00bb custom_margin=\u00a0\u00bb||||false|false\u00a0\u00bb custom_padding=\u00a0\u00bb20px||||false|false\u00a0\u00bb global_colors_info=\u00a0\u00bb{}\u00a0\u00bb][\/et_pb_divider][\/et_pb_column][\/et_pb_row][et_pb_row _builder_version=\u00a0\u00bb4.21.0&Prime; _module_preset=\u00a0\u00bbdefault\u00a0\u00bb custom_margin=\u00a0\u00bb||||false|false\u00a0\u00bb custom_padding=\u00a0\u00bb0px||||false|false\u00a0\u00bb collapsed=\u00a0\u00bbon\u00a0\u00bb global_colors_info=\u00a0\u00bb{}\u00a0\u00bb][et_pb_column type=\u00a0\u00bb4_4&Prime; _builder_version=\u00a0\u00bb4.21.0&Prime; _module_preset=\u00a0\u00bbdefault\u00a0\u00bb global_colors_info=\u00a0\u00bb{}\u00a0\u00bb][et_pb_text _builder_version=\u00a0\u00bb4.21.0&Prime; _module_preset=\u00a0\u00bbdefault\u00a0\u00bb custom_margin=\u00a0\u00bb0px||0px||false|false\u00a0\u00bb custom_padding=\u00a0\u00bb||20px||false|false\u00a0\u00bb global_colors_info=\u00a0\u00bb{}\u00a0\u00bb]<\/p>\n<h2>Les accessoires de l&rsquo;\u00e9cran d&rsquo;affichage dynamique<\/h2>\n<p>[\/et_pb_text][et_pb_text _builder_version=\u00a0\u00bb4.21.0&Prime; _module_preset=\u00a0\u00bbdefault\u00a0\u00bb custom_margin=\u00a0\u00bb0px||0px||false|false\u00a0\u00bb global_colors_info=\u00a0\u00bb{}\u00a0\u00bb]<\/p>\n<h3>OPS PC Windows<\/h3>\n<p>[\/et_pb_text][et_pb_text _builder_version=\u00a0\u00bb4.21.0&Prime; _module_preset=\u00a0\u00bbdefault\u00a0\u00bb custom_padding=\u00a0\u00bb|||20px|false|false\u00a0\u00bb global_colors_info=\u00a0\u00bb{}\u00a0\u00bb]<\/p>\n<ul>\n<li><a href=\"https:\/\/speechi-support.speechi.net\/Screens\/SPEECHI_TOUCH\/OPS\/QSG\/Lancement-rapide-ops-pro.pdf\">Guide d&rsquo;installation rapide des OPS PC Windows<\/a><\/li>\n<\/ul>\n<p>[\/et_pb_text][\/et_pb_column][\/et_pb_row][\/et_pb_section][et_pb_section fb_built=\u00a0\u00bb1&Prime; fullwidth=\u00a0\u00bbon\u00a0\u00bb _builder_version=\u00a0\u00bb4.20.2&Prime; _module_preset=\u00a0\u00bbdefault\u00a0\u00bb locked=\u00a0\u00bboff\u00a0\u00bb collapsed=\u00a0\u00bbon\u00a0\u00bb global_colors_info=\u00a0\u00bb{}\u00a0\u00bb][et_pb_fullwidth_header title=\u00a0\u00bbBesoin d&rsquo;aide ?\u00a0\u00bb text_orientation=\u00a0\u00bbcenter\u00a0\u00bb button_one_text=\u00a0\u00bbContactez-nous\u00a0\u00bb button_one_url=\u00a0\u00bb@ET-DC@eyJkeW5hbWljIjp0cnVlLCJjb250ZW50IjoicG9zdF9saW5rX3VybF9wYWdlIiwic2V0dGluZ3MiOnsicG9zdF9pZCI6IjQzOTUzODUifX0=@\u00a0\u00bb _builder_version=\u00a0\u00bb4.21.0&Prime; _dynamic_attributes=\u00a0\u00bbbutton_one_url\u00a0\u00bb _module_preset=\u00a0\u00bbdefault\u00a0\u00bb title_text_align=\u00a0\u00bbcenter\u00a0\u00bb content_text_align=\u00a0\u00bbcenter\u00a0\u00bb subhead_text_align=\u00a0\u00bbcenter\u00a0\u00bb custom_button_one=\u00a0\u00bbon\u00a0\u00bb button_one_border_radius=\u00a0\u00bb49px\u00a0\u00bb button_one_custom_margin=\u00a0\u00bb|auto|||false|false\u00a0\u00bb button_one_custom_padding=\u00a0\u00bb||||false|false\u00a0\u00bb global_colors_info=\u00a0\u00bb{}\u00a0\u00bb][\/et_pb_fullwidth_header][\/et_pb_section]<\/p>\n","protected":false},"excerpt":{"rendered":"<p>Support des \u00e9crans interactifs d&rsquo;affichage dynamique SpeechiDisplayRetrouvez toute la documentation technique pour les \u00e9crans d&rsquo;affichage dynamique SpeechiDisplay.SpeechiDisplay (-002)R\u00e9f. SD-43-UHD-AND-002, SD-55-UHD-AND-002, SD-65-UHD-AND-002, SD-75-UHD-AND-002, SD-86-UHD-AND-002Mise en route Manuel d&rsquo;utilisation Guide de d\u00e9marrage rapide Plans techniques et dimensions Plan 43 pouces Fiche technique 43 pouces Plan 55 pouces Fiche technique 55 pouces Plan 65 pouces Plan 75 pouces [&hellip;]<\/p>\n","protected":false},"author":6,"featured_media":0,"parent":0,"menu_order":0,"comment_status":"closed","ping_status":"closed","template":"","meta":{"_acf_changed":false,"_seopress_robots_primary_cat":"","_seopress_titles_title":"Support - Gammes SpeechiDisplay","_seopress_titles_desc":"Toute la documentation technique d\u00e9di\u00e9e aux \u00e9crans d'affichage dynamique SpeechiDisplay t\u00e9l\u00e9chargeable ici. Rendez-vous sur la Boutique en Ligne Speechi","_seopress_robots_index":"","_et_pb_use_builder":"on","_et_pb_old_content":"","_et_gb_content_width":"","footnotes":""},"difl_page_category":[],"class_list":["post-44149935","page","type-page","status-publish","hentry"],"acf":[],"_links":{"self":[{"href":"https:\/\/speechi.com\/fr\/wp-json\/wp\/v2\/pages\/44149935","targetHints":{"allow":["GET"]}}],"collection":[{"href":"https:\/\/speechi.com\/fr\/wp-json\/wp\/v2\/pages"}],"about":[{"href":"https:\/\/speechi.com\/fr\/wp-json\/wp\/v2\/types\/page"}],"author":[{"embeddable":true,"href":"https:\/\/speechi.com\/fr\/wp-json\/wp\/v2\/users\/6"}],"replies":[{"embeddable":true,"href":"https:\/\/speechi.com\/fr\/wp-json\/wp\/v2\/comments?post=44149935"}],"version-history":[{"count":23,"href":"https:\/\/speechi.com\/fr\/wp-json\/wp\/v2\/pages\/44149935\/revisions"}],"predecessor-version":[{"id":44180509,"href":"https:\/\/speechi.com\/fr\/wp-json\/wp\/v2\/pages\/44149935\/revisions\/44180509"}],"wp:attachment":[{"href":"https:\/\/speechi.com\/fr\/wp-json\/wp\/v2\/media?parent=44149935"}],"wp:term":[{"taxonomy":"difl_page_category","embeddable":true,"href":"https:\/\/speechi.com\/fr\/wp-json\/wp\/v2\/difl_page_category?post=44149935"}],"curies":[{"name":"wp","href":"https:\/\/api.w.org\/{rel}","templated":true}]}}