{"id":44150636,"date":"2024-05-26T18:41:48","date_gmt":"2024-05-26T16:41:48","guid":{"rendered":"https:\/\/speechi.com\/?page_id=44150636"},"modified":"2024-10-09T16:58:44","modified_gmt":"2024-10-09T14:58:44","slug":"cameras-visioconference","status":"publish","type":"page","link":"https:\/\/speechi.com\/fr\/cameras-visioconference\/","title":{"rendered":"Cam\u00e9ras &#8211; Accessoires Speechi"},"content":{"rendered":"<p>[et_pb_section fb_built=\u00a0\u00bb1&Prime; admin_label=\u00a0\u00bbHeader\u00a0\u00bb _builder_version=\u00a0\u00bb4.21.0&Prime; _module_preset=\u00a0\u00bbdefault\u00a0\u00bb background_enable_color=\u00a0\u00bboff\u00a0\u00bb background_image=\u00a0\u00bbhttps:\/\/speechi.com\/wp-content\/uploads\/2024\/05\/speechi-dist-camera-visio-1-banniere-1.jpg\u00a0\u00bb custom_margin=\u00a0\u00bb||||false|false\u00a0\u00bb custom_padding=\u00a0\u00bb9vw||9vw||true|false\u00a0\u00bb collapsed=\u00a0\u00bbon\u00a0\u00bb global_colors_info=\u00a0\u00bb{}\u00a0\u00bb][et_pb_row _builder_version=\u00a0\u00bb4.21.0&Prime; _module_preset=\u00a0\u00bbdefault\u00a0\u00bb module_alignment=\u00a0\u00bbcenter\u00a0\u00bb custom_margin=\u00a0\u00bb|||0px|false|false\u00a0\u00bb global_colors_info=\u00a0\u00bb{}\u00a0\u00bb][et_pb_column type=\u00a0\u00bb4_4&Prime; _builder_version=\u00a0\u00bb4.20.0&Prime; _module_preset=\u00a0\u00bbdefault\u00a0\u00bb global_colors_info=\u00a0\u00bb{}\u00a0\u00bb][et_pb_text _builder_version=\u00a0\u00bb4.21.0&Prime; _module_preset=\u00a0\u00bbdefault\u00a0\u00bb text_font=\u00a0\u00bbMontserrat|300|||||||\u00a0\u00bb text_font_size=\u00a0\u00bb41px\u00a0\u00bb text_line_height=\u00a0\u00bb1.3em\u00a0\u00bb header_font=\u00a0\u00bbMontserrat|300|||||||\u00a0\u00bb header_font_size=\u00a0\u00bb43px\u00a0\u00bb header_2_font_size=\u00a0\u00bb25px\u00a0\u00bb custom_margin=\u00a0\u00bb|-101px||-101px|false|true\u00a0\u00bb custom_padding=\u00a0\u00bb|0px||0px|false|false\u00a0\u00bb global_colors_info=\u00a0\u00bb{}\u00a0\u00bb]<\/p>\n<h2>visio<br \/>Speechi<\/h2>\n<h1><strong>Une cam\u00e9ra<\/strong><br \/>pour chaque<br \/>visioconf\u00e9rence<\/h1>\n<p>[\/et_pb_text][\/et_pb_column][\/et_pb_row][\/et_pb_section][et_pb_section fb_built=\u00a0\u00bb1&Prime; _builder_version=\u00a0\u00bb4.21.0&Prime; _module_preset=\u00a0\u00bbdefault\u00a0\u00bb global_colors_info=\u00a0\u00bb{}\u00a0\u00bb][et_pb_row column_structure=\u00a0\u00bb1_3,1_3,1_3&Prime; _builder_version=\u00a0\u00bb4.21.0&Prime; _module_preset=\u00a0\u00bbdefault\u00a0\u00bb max_width=\u00a0\u00bb1200px\u00a0\u00bb min_height=\u00a0\u00bb534.2px\u00a0\u00bb custom_padding=\u00a0\u00bb||30px|||\u00a0\u00bb global_colors_info=\u00a0\u00bb{}\u00a0\u00bb][et_pb_column type=\u00a0\u00bb1_3&Prime; _builder_version=\u00a0\u00bb4.21.0&Prime; _module_preset=\u00a0\u00bbdefault\u00a0\u00bb background_enable_color=\u00a0\u00bboff\u00a0\u00bb custom_padding=\u00a0\u00bb15px|15px|15px|15px|false|false\u00a0\u00bb border_width_all=\u00a0\u00bb1px\u00a0\u00bb border_color_all=\u00a0\u00bb#1F1F1F\u00a0\u00bb box_shadow_color_last_edited=\u00a0\u00bboff|desktop\u00a0\u00bb global_colors_info=\u00a0\u00bb{}\u00a0\u00bb box_shadow_horizontal__hover_enabled=\u00a0\u00bbon|hover\u00a0\u00bb box_shadow_color__hover_enabled=\u00a0\u00bbon|hover\u00a0\u00bb box_shadow_color__hover=\u00a0\u00bbrgba(0,0,0,0.25)\u00a0\u00bb][et_pb_image src=\u00a0\u00bbhttps:\/\/speechi.com\/wp-content\/uploads\/2024\/05\/speechi-dist-camera-visio-2-mg104.jpg\u00a0\u00bb title_text=\u00a0\u00bbspeechi-dist-camera-visio-2-mg104&Prime; _builder_version=\u00a0\u00bb4.21.0&Prime; _module_preset=\u00a0\u00bbdefault\u00a0\u00bb global_colors_info=\u00a0\u00bb{}\u00a0\u00bb][\/et_pb_image][et_pb_text _builder_version=\u00a0\u00bb4.21.0&Prime; _module_preset=\u00a0\u00bbdefault\u00a0\u00bb text_line_height=\u00a0\u00bb1.5em\u00a0\u00bb header_2_font_size=\u00a0\u00bb24px\u00a0\u00bb header_3_font=\u00a0\u00bbMontserrat|300|||||||\u00a0\u00bb header_3_font_size=\u00a0\u00bb24px\u00a0\u00bb custom_margin=\u00a0\u00bb||0px|||\u00a0\u00bb custom_padding=\u00a0\u00bb||0px|||\u00a0\u00bb hover_enabled=\u00a0\u00bb0&Prime; global_colors_info=\u00a0\u00bb{}\u00a0\u00bb sticky_enabled=\u00a0\u00bb0&Prime;]<\/p>\n<h2>SPE-MG-104<\/h2>\n<h3>La webcam vid\u00e9o<br \/>full HD<\/h3>\n<p>&nbsp;<\/p>\n<p>[\/et_pb_text][et_pb_text _builder_version=\u00a0\u00bb4.21.0&Prime; _module_preset=\u00a0\u00bbdefault\u00a0\u00bb text_font_size=\u00a0\u00bb14px\u00a0\u00bb custom_margin=\u00a0\u00bb||12px|||\u00a0\u00bb custom_padding=\u00a0\u00bb||45px|||\u00a0\u00bb global_colors_info=\u00a0\u00bb{}\u00a0\u00bb]<\/p>\n<p>Une cam\u00e9ra webcam qui passe facilement de l\u2019ordinateur \u00e0 l\u2019\u00e9cran interactif.<\/p>\n<p>[\/et_pb_text][et_pb_button button_url=\u00a0\u00bbhttps:\/\/speechi.com\/fr\/webcam-full-hd\/\u00a0\u00bb button_text=\u00a0\u00bbD\u00c9COUVRIR\u00a0\u00bb button_alignment=\u00a0\u00bbcenter\u00a0\u00bb _builder_version=\u00a0\u00bb4.21.0&Prime; _module_preset=\u00a0\u00bbdefault\u00a0\u00bb custom_button=\u00a0\u00bbon\u00a0\u00bb button_text_color=\u00a0\u00bb#1FD7E0&Prime; button_bg_color=\u00a0\u00bb#1c2c44&Prime; button_border_width=\u00a0\u00bb0px\u00a0\u00bb button_border_radius=\u00a0\u00bb6px\u00a0\u00bb button_letter_spacing=\u00a0\u00bb0px\u00a0\u00bb button_font=\u00a0\u00bb||||||||\u00a0\u00bb button_use_icon=\u00a0\u00bboff\u00a0\u00bb custom_padding=\u00a0\u00bb|39px||39px|false|true\u00a0\u00bb global_colors_info=\u00a0\u00bb{}\u00a0\u00bb][\/et_pb_button][\/et_pb_column][et_pb_column type=\u00a0\u00bb1_3&Prime; _builder_version=\u00a0\u00bb4.21.0&Prime; _module_preset=\u00a0\u00bbdefault\u00a0\u00bb background_enable_color=\u00a0\u00bboff\u00a0\u00bb custom_padding=\u00a0\u00bb15px|15px|15px|15px|false|false\u00a0\u00bb border_width_all=\u00a0\u00bb1px\u00a0\u00bb border_color_all=\u00a0\u00bb#1F1F1F\u00a0\u00bb box_shadow_color_last_edited=\u00a0\u00bboff|desktop\u00a0\u00bb global_colors_info=\u00a0\u00bb{}\u00a0\u00bb box_shadow_horizontal__hover_enabled=\u00a0\u00bbon|hover\u00a0\u00bb box_shadow_color__hover_enabled=\u00a0\u00bbon|hover\u00a0\u00bb box_shadow_color__hover=\u00a0\u00bbrgba(0,0,0,0.25)\u00a0\u00bb][et_pb_image src=\u00a0\u00bbhttps:\/\/speechi.com\/wp-content\/uploads\/2024\/05\/speechi-dist-camera-visio-3-mg402C.jpg\u00a0\u00bb title_text=\u00a0\u00bbspeechi-dist-camera-visio-3-mg402C\u00a0\u00bb _builder_version=\u00a0\u00bb4.21.0&Prime; _module_preset=\u00a0\u00bbdefault\u00a0\u00bb global_colors_info=\u00a0\u00bb{}\u00a0\u00bb][\/et_pb_image][et_pb_text _builder_version=\u00a0\u00bb4.21.0&Prime; _module_preset=\u00a0\u00bbdefault\u00a0\u00bb text_font_size=\u00a0\u00bb12px\u00a0\u00bb text_line_height=\u00a0\u00bb1.5em\u00a0\u00bb header_2_font_size=\u00a0\u00bb24px\u00a0\u00bb header_3_font=\u00a0\u00bbMontserrat|300|||||||\u00a0\u00bb header_3_font_size=\u00a0\u00bb24px\u00a0\u00bb custom_margin=\u00a0\u00bb||0px|||\u00a0\u00bb custom_padding=\u00a0\u00bb||16px|||\u00a0\u00bb hover_enabled=\u00a0\u00bb0&Prime; global_colors_info=\u00a0\u00bb{}\u00a0\u00bb sticky_enabled=\u00a0\u00bb0&Prime;]<\/p>\n<h2>SPE-MG-402-C<\/h2>\n<h3>La cam\u00e9ra de<br \/>\nvisioconf\u00e9rence<\/h3>\n<p>&nbsp;[\/et_pb_text][et_pb_text _builder_version=\u00a0\u00bb4.21.0&Prime; _module_preset=\u00a0\u00bbdefault\u00a0\u00bb text_font_size=\u00a0\u00bb14px\u00a0\u00bb header_2_font_size=\u00a0\u00bb24px\u00a0\u00bb header_3_font=\u00a0\u00bbMontserrat|300|||||||\u00a0\u00bb header_3_font_size=\u00a0\u00bb24px\u00a0\u00bb custom_margin=\u00a0\u00bb||0px|||\u00a0\u00bb custom_padding=\u00a0\u00bb||58px|||\u00a0\u00bb global_colors_info=\u00a0\u00bb{}\u00a0\u00bb]<\/p>\n<p>Une cam\u00e9ra 4K capable d\u2019autoframing pour am\u00e9liorer ses r\u00e9unions \u00e0 distance.<\/p>\n<p>[\/et_pb_text][et_pb_button button_url=\u00a0\u00bbhttps:\/\/speechi.com\/fr\/camera-visioconference-4k\/\u00a0\u00bb button_text=\u00a0\u00bbD\u00c9COUVRIR\u00a0\u00bb button_alignment=\u00a0\u00bbcenter\u00a0\u00bb _builder_version=\u00a0\u00bb4.21.0&Prime; _module_preset=\u00a0\u00bbdefault\u00a0\u00bb custom_button=\u00a0\u00bbon\u00a0\u00bb button_text_color=\u00a0\u00bb#1FD7E0&Prime; button_bg_color=\u00a0\u00bb#1c2c44&Prime; button_border_width=\u00a0\u00bb0px\u00a0\u00bb button_border_radius=\u00a0\u00bb6px\u00a0\u00bb button_letter_spacing=\u00a0\u00bb0px\u00a0\u00bb button_font=\u00a0\u00bb||||||||\u00a0\u00bb button_use_icon=\u00a0\u00bboff\u00a0\u00bb custom_padding=\u00a0\u00bb|39px||39px|false|true\u00a0\u00bb global_colors_info=\u00a0\u00bb{}\u00a0\u00bb][\/et_pb_button][\/et_pb_column][et_pb_column type=\u00a0\u00bb1_3&Prime; _builder_version=\u00a0\u00bb4.21.0&Prime; _module_preset=\u00a0\u00bbdefault\u00a0\u00bb background_enable_color=\u00a0\u00bboff\u00a0\u00bb custom_padding=\u00a0\u00bb15px|15px|15px|15px|false|false\u00a0\u00bb border_width_all=\u00a0\u00bb1px\u00a0\u00bb border_color_all=\u00a0\u00bb#1F1F1F\u00a0\u00bb box_shadow_color_last_edited=\u00a0\u00bboff|desktop\u00a0\u00bb global_colors_info=\u00a0\u00bb{}\u00a0\u00bb box_shadow_horizontal__hover_enabled=\u00a0\u00bbon|hover\u00a0\u00bb box_shadow_color__hover_enabled=\u00a0\u00bbon|hover\u00a0\u00bb box_shadow_color__hover=\u00a0\u00bbrgba(0,0,0,0.25)\u00a0\u00bb][et_pb_image src=\u00a0\u00bbhttps:\/\/speechi.com\/wp-content\/uploads\/2024\/05\/speechi-dist-camera-visio-4-CV500.jpg\u00a0\u00bb title_text=\u00a0\u00bbspeechi-dist-camera-visio-4-CV500&Prime; _builder_version=\u00a0\u00bb4.21.0&Prime; _module_preset=\u00a0\u00bbdefault\u00a0\u00bb global_colors_info=\u00a0\u00bb{}\u00a0\u00bb][\/et_pb_image][et_pb_text _builder_version=\u00a0\u00bb4.21.0&Prime; _module_preset=\u00a0\u00bbdefault\u00a0\u00bb text_line_height=\u00a0\u00bb1.5em\u00a0\u00bb header_2_font_size=\u00a0\u00bb24px\u00a0\u00bb header_3_font=\u00a0\u00bbMontserrat|300|||||||\u00a0\u00bb header_3_font_size=\u00a0\u00bb24px\u00a0\u00bb custom_margin=\u00a0\u00bb||0px|||\u00a0\u00bb custom_padding=\u00a0\u00bb||0px|||\u00a0\u00bb hover_enabled=\u00a0\u00bb0&Prime; global_colors_info=\u00a0\u00bb{}\u00a0\u00bb sticky_enabled=\u00a0\u00bb0&Prime;]<\/p>\n<h2>SPE-CV-500<\/h2>\n<h3>La cam\u00e9ra<br \/>\npanoramique<\/h3>\n<p>&nbsp;[\/et_pb_text][et_pb_text _builder_version=\u00a0\u00bb4.21.0&Prime; _module_preset=\u00a0\u00bbdefault\u00a0\u00bb text_font_size=\u00a0\u00bb14px\u00a0\u00bb custom_margin=\u00a0\u00bb||12px|||\u00a0\u00bb custom_padding=\u00a0\u00bb||53px|||\u00a0\u00bb global_colors_info=\u00a0\u00bb{}\u00a0\u00bb]<\/p>\n<p>Pour voir \u00e0 180\u00b0 en cadrant automatiquement les participants \u00e0 la r\u00e9union.<\/p>\n<p>[\/et_pb_text][et_pb_button button_url=\u00a0\u00bbhttps:\/\/speechi.com\/fr\/camera-panoramique-uhd\/\u00a0\u00bb button_text=\u00a0\u00bbD\u00c9COUVRIR\u00a0\u00bb button_alignment=\u00a0\u00bbcenter\u00a0\u00bb _builder_version=\u00a0\u00bb4.21.0&Prime; _module_preset=\u00a0\u00bbdefault\u00a0\u00bb custom_button=\u00a0\u00bbon\u00a0\u00bb button_text_color=\u00a0\u00bb#1FD7E0&Prime; button_bg_color=\u00a0\u00bb#1c2c44&Prime; button_border_width=\u00a0\u00bb0px\u00a0\u00bb button_border_radius=\u00a0\u00bb6px\u00a0\u00bb button_letter_spacing=\u00a0\u00bb0px\u00a0\u00bb button_font=\u00a0\u00bb||||||||\u00a0\u00bb button_use_icon=\u00a0\u00bboff\u00a0\u00bb custom_padding=\u00a0\u00bb|39px||39px|false|true\u00a0\u00bb global_colors_info=\u00a0\u00bb{}\u00a0\u00bb][\/et_pb_button][\/et_pb_column][\/et_pb_row][et_pb_row column_structure=\u00a0\u00bb1_3,1_3,1_3&Prime; _builder_version=\u00a0\u00bb4.21.0&Prime; _module_preset=\u00a0\u00bbdefault\u00a0\u00bb max_width=\u00a0\u00bb1200px\u00a0\u00bb min_height=\u00a0\u00bb534.2px\u00a0\u00bb global_colors_info=\u00a0\u00bb{}\u00a0\u00bb][et_pb_column type=\u00a0\u00bb1_3&Prime; _builder_version=\u00a0\u00bb4.21.0&Prime; _module_preset=\u00a0\u00bbdefault\u00a0\u00bb background_enable_color=\u00a0\u00bboff\u00a0\u00bb custom_padding=\u00a0\u00bb15px|15px|15px|15px|false|false\u00a0\u00bb border_width_all=\u00a0\u00bb1px\u00a0\u00bb border_color_all=\u00a0\u00bb#1F1F1F\u00a0\u00bb box_shadow_color_last_edited=\u00a0\u00bboff|desktop\u00a0\u00bb global_colors_info=\u00a0\u00bb{}\u00a0\u00bb box_shadow_horizontal__hover_enabled=\u00a0\u00bbon|hover\u00a0\u00bb box_shadow_color__hover_enabled=\u00a0\u00bbon|hover\u00a0\u00bb box_shadow_color__hover=\u00a0\u00bbrgba(0,0,0,0.25)\u00a0\u00bb][et_pb_image src=\u00a0\u00bbhttps:\/\/speechi.com\/wp-content\/uploads\/2024\/05\/speechi-dist-camera-visio-5-VA460.jpg\u00a0\u00bb title_text=\u00a0\u00bbspeechi-dist-camera-visio-5-VA460&Prime; _builder_version=\u00a0\u00bb4.21.0&Prime; _module_preset=\u00a0\u00bbdefault\u00a0\u00bb global_colors_info=\u00a0\u00bb{}\u00a0\u00bb][\/et_pb_image][et_pb_text _builder_version=\u00a0\u00bb4.21.0&Prime; _module_preset=\u00a0\u00bbdefault\u00a0\u00bb text_line_height=\u00a0\u00bb1.5em\u00a0\u00bb header_2_font_size=\u00a0\u00bb24px\u00a0\u00bb header_3_font=\u00a0\u00bbMontserrat|300|||||||\u00a0\u00bb header_3_font_size=\u00a0\u00bb24px\u00a0\u00bb custom_margin=\u00a0\u00bb||0px|||\u00a0\u00bb custom_padding=\u00a0\u00bb||0px|||\u00a0\u00bb hover_enabled=\u00a0\u00bb0&Prime; global_colors_info=\u00a0\u00bb{}\u00a0\u00bb sticky_enabled=\u00a0\u00bb0&Prime;]<\/p>\n<h2>SPE-VA-460<\/h2>\n<h3>La barre de<br \/>\nvisioconf\u00e9rence<\/h3>\n<p>&nbsp;[\/et_pb_text][et_pb_text _builder_version=\u00a0\u00bb4.21.0&Prime; _module_preset=\u00a0\u00bbdefault\u00a0\u00bb text_font_size=\u00a0\u00bb14px\u00a0\u00bb custom_margin=\u00a0\u00bb||12px|||\u00a0\u00bb custom_padding=\u00a0\u00bb||45px|||\u00a0\u00bb global_colors_info=\u00a0\u00bb{}\u00a0\u00bb]<\/p>\n<p>Audio et vid\u00e9o 4K int\u00e9gr\u00e9s dans ce syst\u00e8me de visioconf\u00e9rence tout-en-un intelligent.<\/p>\n<p>[\/et_pb_text][et_pb_button button_url=\u00a0\u00bbhttps:\/\/speechi.com\/fr\/barre-visioconference\/\u00a0\u00bb button_text=\u00a0\u00bbD\u00c9COUVRIR\u00a0\u00bb button_alignment=\u00a0\u00bbcenter\u00a0\u00bb _builder_version=\u00a0\u00bb4.21.0&Prime; _module_preset=\u00a0\u00bbdefault\u00a0\u00bb custom_button=\u00a0\u00bbon\u00a0\u00bb button_text_color=\u00a0\u00bb#1FD7E0&Prime; button_bg_color=\u00a0\u00bb#1c2c44&Prime; button_border_width=\u00a0\u00bb0px\u00a0\u00bb button_border_radius=\u00a0\u00bb6px\u00a0\u00bb button_letter_spacing=\u00a0\u00bb0px\u00a0\u00bb button_font=\u00a0\u00bb||||||||\u00a0\u00bb button_use_icon=\u00a0\u00bboff\u00a0\u00bb custom_padding=\u00a0\u00bb|39px||39px|false|true\u00a0\u00bb global_colors_info=\u00a0\u00bb{}\u00a0\u00bb][\/et_pb_button][\/et_pb_column][et_pb_column type=\u00a0\u00bb1_3&Prime; _builder_version=\u00a0\u00bb4.21.0&Prime; _module_preset=\u00a0\u00bbdefault\u00a0\u00bb background_enable_color=\u00a0\u00bboff\u00a0\u00bb custom_padding=\u00a0\u00bb15px|15px|15px|15px|false|false\u00a0\u00bb border_width_all=\u00a0\u00bb1px\u00a0\u00bb border_color_all=\u00a0\u00bb#1F1F1F\u00a0\u00bb box_shadow_color_last_edited=\u00a0\u00bboff|desktop\u00a0\u00bb global_colors_info=\u00a0\u00bb{}\u00a0\u00bb box_shadow_horizontal__hover_enabled=\u00a0\u00bbon|hover\u00a0\u00bb box_shadow_color__hover_enabled=\u00a0\u00bbon|hover\u00a0\u00bb box_shadow_color__hover=\u00a0\u00bbrgba(0,0,0,0.25)\u00a0\u00bb][et_pb_image src=\u00a0\u00bbhttps:\/\/speechi.com\/wp-content\/uploads\/2024\/09\/speechi-dist-camera-360.jpg\u00a0\u00bb title_text=\u00a0\u00bbspeechi-dist-camera-360&Prime; _builder_version=\u00a0\u00bb4.21.0&Prime; _module_preset=\u00a0\u00bbdefault\u00a0\u00bb global_colors_info=\u00a0\u00bb{}\u00a0\u00bb][\/et_pb_image][et_pb_text _builder_version=\u00a0\u00bb4.21.0&Prime; _module_preset=\u00a0\u00bbdefault\u00a0\u00bb text_line_height=\u00a0\u00bb1.5em\u00a0\u00bb header_2_font_size=\u00a0\u00bb24px\u00a0\u00bb header_3_font=\u00a0\u00bbMontserrat|300|||||||\u00a0\u00bb header_3_font_size=\u00a0\u00bb24px\u00a0\u00bb custom_margin=\u00a0\u00bb||0px|||\u00a0\u00bb custom_padding=\u00a0\u00bb||0px|||\u00a0\u00bb hover_enabled=\u00a0\u00bb0&Prime; global_colors_info=\u00a0\u00bb{}\u00a0\u00bb sticky_enabled=\u00a0\u00bb0&Prime;]<\/p>\n<h2>SPE-CAM-360<\/h2>\n<h3>La cam\u00e9ra panoramique<br \/>tout-en-un<\/h3>\n<p>&nbsp;<\/p>\n<p>[\/et_pb_text][et_pb_text _builder_version=\u00a0\u00bb4.21.0&Prime; _module_preset=\u00a0\u00bbdefault\u00a0\u00bb text_font_size=\u00a0\u00bb14px\u00a0\u00bb custom_margin=\u00a0\u00bb||12px|||\u00a0\u00bb custom_padding=\u00a0\u00bb||17px|||\u00a0\u00bb global_colors_info=\u00a0\u00bb{}\u00a0\u00bb]Une solution de visioconf\u00e9rence tout-en-un pour les petites et moyennes salles : cam\u00e9ra 360\u00b0, micros omnidirectionnels et haut-parleurs.[\/et_pb_text][et_pb_button button_url=\u00a0\u00bbhttps:\/\/speechi.com\/fr\/camera-360\/\u00a0\u00bb button_text=\u00a0\u00bbD\u00c9COUVRIR\u00a0\u00bb button_alignment=\u00a0\u00bbcenter\u00a0\u00bb _builder_version=\u00a0\u00bb4.21.0&Prime; _module_preset=\u00a0\u00bbdefault\u00a0\u00bb custom_button=\u00a0\u00bbon\u00a0\u00bb button_text_color=\u00a0\u00bb#1FD7E0&Prime; button_bg_color=\u00a0\u00bb#1c2c44&Prime; button_border_width=\u00a0\u00bb0px\u00a0\u00bb button_border_radius=\u00a0\u00bb6px\u00a0\u00bb button_letter_spacing=\u00a0\u00bb0px\u00a0\u00bb button_font=\u00a0\u00bb||||||||\u00a0\u00bb button_use_icon=\u00a0\u00bboff\u00a0\u00bb custom_padding=\u00a0\u00bb|39px||39px|false|true\u00a0\u00bb global_colors_info=\u00a0\u00bb{}\u00a0\u00bb][\/et_pb_button][\/et_pb_column][et_pb_column type=\u00a0\u00bb1_3&Prime; _builder_version=\u00a0\u00bb4.21.0&Prime; _module_preset=\u00a0\u00bbdefault\u00a0\u00bb background_enable_color=\u00a0\u00bboff\u00a0\u00bb custom_padding=\u00a0\u00bb15px|15px|15px|15px|false|false\u00a0\u00bb border_width_all=\u00a0\u00bb1px\u00a0\u00bb border_color_all=\u00a0\u00bb#1F1F1F\u00a0\u00bb box_shadow_color_last_edited=\u00a0\u00bboff|desktop\u00a0\u00bb global_colors_info=\u00a0\u00bb{}\u00a0\u00bb box_shadow_horizontal__hover_enabled=\u00a0\u00bbon|hover\u00a0\u00bb box_shadow_color__hover_enabled=\u00a0\u00bbon|hover\u00a0\u00bb box_shadow_color__hover=\u00a0\u00bbrgba(0,0,0,0.25)\u00a0\u00bb][et_pb_image src=\u00a0\u00bbhttps:\/\/speechi.com\/wp-content\/uploads\/2024\/05\/speechi-dist-camera-visio-7-VX001.jpg\u00a0\u00bb title_text=\u00a0\u00bbspeechi-dist-camera-visio-7-VX001&Prime; _builder_version=\u00a0\u00bb4.21.0&Prime; _module_preset=\u00a0\u00bbdefault\u00a0\u00bb global_colors_info=\u00a0\u00bb{}\u00a0\u00bb][\/et_pb_image][et_pb_text _builder_version=\u00a0\u00bb4.21.0&Prime; _module_preset=\u00a0\u00bbdefault\u00a0\u00bb text_line_height=\u00a0\u00bb1.5em\u00a0\u00bb header_2_font_size=\u00a0\u00bb24px\u00a0\u00bb header_3_font=\u00a0\u00bbMontserrat|300|||||||\u00a0\u00bb header_3_font_size=\u00a0\u00bb24px\u00a0\u00bb custom_margin=\u00a0\u00bb||0px|||\u00a0\u00bb custom_padding=\u00a0\u00bb||0px|||\u00a0\u00bb hover_enabled=\u00a0\u00bb0&Prime; global_colors_info=\u00a0\u00bb{}\u00a0\u00bb sticky_enabled=\u00a0\u00bb0&Prime;]<\/p>\n<h2>SPE-CAM-VX-001<\/h2>\n<h3>La cam\u00e9ra rotative<br \/>\nintelligente<\/h3>\n<p>&nbsp;[\/et_pb_text][et_pb_text _builder_version=\u00a0\u00bb4.21.0&Prime; _module_preset=\u00a0\u00bbdefault\u00a0\u00bb text_font_size=\u00a0\u00bb14px\u00a0\u00bb custom_margin=\u00a0\u00bb||12px|||\u00a0\u00bb custom_padding=\u00a0\u00bb||45px|||\u00a0\u00bb global_colors_info=\u00a0\u00bb{}\u00a0\u00bb]<\/p>\n<p>Un zoom puissant sur une cam\u00e9ra PTZ capable d\u2019autotracking et de suivi intelligent de l\u2019orateur.<\/p>\n<p>[\/et_pb_text][et_pb_button button_url=\u00a0\u00bbhttps:\/\/speechi.com\/fr\/camera-visioconference-full-hd-suivi-cible\/\u00a0\u00bb button_text=\u00a0\u00bbD\u00c9COUVRIR\u00a0\u00bb button_alignment=\u00a0\u00bbcenter\u00a0\u00bb _builder_version=\u00a0\u00bb4.21.0&Prime; _module_preset=\u00a0\u00bbdefault\u00a0\u00bb custom_button=\u00a0\u00bbon\u00a0\u00bb button_text_color=\u00a0\u00bb#1FD7E0&Prime; button_bg_color=\u00a0\u00bb#1c2c44&Prime; button_border_width=\u00a0\u00bb0px\u00a0\u00bb button_border_radius=\u00a0\u00bb6px\u00a0\u00bb button_letter_spacing=\u00a0\u00bb0px\u00a0\u00bb button_font=\u00a0\u00bb||||||||\u00a0\u00bb button_use_icon=\u00a0\u00bboff\u00a0\u00bb custom_padding=\u00a0\u00bb|39px||39px|false|true\u00a0\u00bb global_colors_info=\u00a0\u00bb{}\u00a0\u00bb][\/et_pb_button][\/et_pb_column][\/et_pb_row][et_pb_row column_structure=\u00a0\u00bb1_3,1_3,1_3&Prime; _builder_version=\u00a0\u00bb4.21.0&Prime; _module_preset=\u00a0\u00bbdefault\u00a0\u00bb max_width=\u00a0\u00bb1200px\u00a0\u00bb min_height=\u00a0\u00bb534.2px\u00a0\u00bb global_colors_info=\u00a0\u00bb{}\u00a0\u00bb][et_pb_column type=\u00a0\u00bb1_3&Prime; _builder_version=\u00a0\u00bb4.21.0&Prime; _module_preset=\u00a0\u00bbdefault\u00a0\u00bb background_enable_color=\u00a0\u00bboff\u00a0\u00bb custom_padding=\u00a0\u00bb15px|15px|15px|15px|false|false\u00a0\u00bb border_width_all=\u00a0\u00bb1px\u00a0\u00bb border_color_all=\u00a0\u00bb#1F1F1F\u00a0\u00bb box_shadow_color_last_edited=\u00a0\u00bboff|desktop\u00a0\u00bb global_colors_info=\u00a0\u00bb{}\u00a0\u00bb box_shadow_horizontal__hover_enabled=\u00a0\u00bbon|hover\u00a0\u00bb box_shadow_color__hover_enabled=\u00a0\u00bbon|hover\u00a0\u00bb box_shadow_color__hover=\u00a0\u00bbrgba(0,0,0,0.25)\u00a0\u00bb][et_pb_image src=\u00a0\u00bbhttps:\/\/speechi.com\/wp-content\/uploads\/2024\/05\/speechi-dist-camera-visio-6-UV510.jpg\u00a0\u00bb title_text=\u00a0\u00bbspeechi-dist-camera-visio-6-UV510&Prime; _builder_version=\u00a0\u00bb4.21.0&Prime; _module_preset=\u00a0\u00bbdefault\u00a0\u00bb global_colors_info=\u00a0\u00bb{}\u00a0\u00bb][\/et_pb_image][et_pb_text _builder_version=\u00a0\u00bb4.21.0&Prime; _module_preset=\u00a0\u00bbdefault\u00a0\u00bb text_line_height=\u00a0\u00bb1.5em\u00a0\u00bb header_2_font_size=\u00a0\u00bb24px\u00a0\u00bb header_3_font=\u00a0\u00bbMontserrat|300|||||||\u00a0\u00bb header_3_font_size=\u00a0\u00bb24px\u00a0\u00bb custom_margin=\u00a0\u00bb||0px|||\u00a0\u00bb custom_padding=\u00a0\u00bb||0px|||\u00a0\u00bb hover_enabled=\u00a0\u00bb0&Prime; global_colors_info=\u00a0\u00bb{}\u00a0\u00bb sticky_enabled=\u00a0\u00bb0&Prime;]<\/p>\n<h2>SPE-UV510<\/h2>\n<h3>La cam\u00e9ra de<br \/>\nt\u00e9l\u00e9pr\u00e9sence<\/h3>\n<p>&nbsp;[\/et_pb_text][et_pb_text _builder_version=\u00a0\u00bb4.21.0&Prime; _module_preset=\u00a0\u00bbdefault\u00a0\u00bb text_font_size=\u00a0\u00bb14px\u00a0\u00bb custom_margin=\u00a0\u00bb||12px|||\u00a0\u00bb custom_padding=\u00a0\u00bb||17px|||\u00a0\u00bb global_colors_info=\u00a0\u00bb{}\u00a0\u00bb]<\/p>\n<p>Une cam\u00e9ra rotative puissante pour des visioconf\u00e9rences d\u2019envergure dans de grandes salles de r\u00e9union.<\/p>\n<p>[\/et_pb_text][et_pb_button button_url=\u00a0\u00bbhttps:\/\/speechi.com\/fr\/camera-360-telepresence\/\u00a0\u00bb button_text=\u00a0\u00bbD\u00c9COUVRIR\u00a0\u00bb button_alignment=\u00a0\u00bbcenter\u00a0\u00bb _builder_version=\u00a0\u00bb4.21.0&Prime; _module_preset=\u00a0\u00bbdefault\u00a0\u00bb custom_button=\u00a0\u00bbon\u00a0\u00bb button_text_color=\u00a0\u00bb#1FD7E0&Prime; button_bg_color=\u00a0\u00bb#1c2c44&Prime; button_border_width=\u00a0\u00bb0px\u00a0\u00bb button_border_radius=\u00a0\u00bb6px\u00a0\u00bb button_letter_spacing=\u00a0\u00bb0px\u00a0\u00bb button_font=\u00a0\u00bb||||||||\u00a0\u00bb button_use_icon=\u00a0\u00bboff\u00a0\u00bb custom_padding=\u00a0\u00bb|39px||39px|false|true\u00a0\u00bb global_colors_info=\u00a0\u00bb{}\u00a0\u00bb][\/et_pb_button][\/et_pb_column][et_pb_column type=\u00a0\u00bb1_3&Prime; _builder_version=\u00a0\u00bb4.21.0&Prime; _module_preset=\u00a0\u00bbdefault\u00a0\u00bb background_enable_color=\u00a0\u00bboff\u00a0\u00bb custom_padding=\u00a0\u00bb15px|15px|15px|15px|false|false\u00a0\u00bb border_color_all=\u00a0\u00bb#1F1F1F\u00a0\u00bb box_shadow_color_last_edited=\u00a0\u00bboff|desktop\u00a0\u00bb global_colors_info=\u00a0\u00bb{}\u00a0\u00bb box_shadow_horizontal__hover_enabled=\u00a0\u00bbon|hover\u00a0\u00bb box_shadow_color__hover_enabled=\u00a0\u00bbon|hover\u00a0\u00bb box_shadow_color__hover=\u00a0\u00bbrgba(0,0,0,0.25)\u00a0\u00bb][\/et_pb_column][et_pb_column type=\u00a0\u00bb1_3&Prime; _builder_version=\u00a0\u00bb4.21.0&Prime; _module_preset=\u00a0\u00bbdefault\u00a0\u00bb background_enable_color=\u00a0\u00bboff\u00a0\u00bb custom_padding=\u00a0\u00bb15px|15px|15px|15px|false|false\u00a0\u00bb border_color_all=\u00a0\u00bb#1F1F1F\u00a0\u00bb box_shadow_color_last_edited=\u00a0\u00bboff|desktop\u00a0\u00bb global_colors_info=\u00a0\u00bb{}\u00a0\u00bb box_shadow_horizontal__hover_enabled=\u00a0\u00bbon|hover\u00a0\u00bb box_shadow_color__hover_enabled=\u00a0\u00bbon|hover\u00a0\u00bb box_shadow_color__hover=\u00a0\u00bbrgba(0,0,0,0.25)\u00a0\u00bb][\/et_pb_column][\/et_pb_row][\/et_pb_section]<\/p>\n","protected":false},"excerpt":{"rendered":"<p>visioSpeechi Une cam\u00e9rapour chaquevisioconf\u00e9renceSPE-MG-104 La webcam vid\u00e9ofull HD &nbsp;Une cam\u00e9ra webcam qui passe facilement de l\u2019ordinateur \u00e0 l\u2019\u00e9cran interactif.SPE-MG-402-C La cam\u00e9ra de visioconf\u00e9rence &nbsp;Une cam\u00e9ra 4K capable d\u2019autoframing pour am\u00e9liorer ses r\u00e9unions \u00e0 distance.SPE-CV-500 La cam\u00e9ra panoramique &nbsp;Pour voir \u00e0 180\u00b0 en cadrant automatiquement les participants \u00e0 la r\u00e9union.SPE-VA-460 La barre de visioconf\u00e9rence &nbsp;Audio et [&hellip;]<\/p>\n","protected":false},"author":4,"featured_media":0,"parent":0,"menu_order":0,"comment_status":"closed","ping_status":"closed","template":"","meta":{"_acf_changed":false,"_seopress_robots_primary_cat":"","_seopress_titles_title":"Cam\u00e9ras et webcam - accessoires de visioconf\u00e9rence - Speechi","_seopress_titles_desc":"D\u00e9couvrez les cam\u00e9ras de la marque Speechi : plusieurs mod\u00e8les qui correspondent \u00e0 tous vos besoins et aux diff\u00e9rentes typologies de salles.","_seopress_robots_index":"","_et_pb_use_builder":"on","_et_pb_old_content":"<!-- wp:divi\/placeholder \/-->","_et_gb_content_width":"","footnotes":""},"difl_page_category":[],"class_list":["post-44150636","page","type-page","status-publish","hentry"],"acf":[],"_links":{"self":[{"href":"https:\/\/speechi.com\/fr\/wp-json\/wp\/v2\/pages\/44150636","targetHints":{"allow":["GET"]}}],"collection":[{"href":"https:\/\/speechi.com\/fr\/wp-json\/wp\/v2\/pages"}],"about":[{"href":"https:\/\/speechi.com\/fr\/wp-json\/wp\/v2\/types\/page"}],"author":[{"embeddable":true,"href":"https:\/\/speechi.com\/fr\/wp-json\/wp\/v2\/users\/4"}],"replies":[{"embeddable":true,"href":"https:\/\/speechi.com\/fr\/wp-json\/wp\/v2\/comments?post=44150636"}],"version-history":[{"count":21,"href":"https:\/\/speechi.com\/fr\/wp-json\/wp\/v2\/pages\/44150636\/revisions"}],"predecessor-version":[{"id":44174634,"href":"https:\/\/speechi.com\/fr\/wp-json\/wp\/v2\/pages\/44150636\/revisions\/44174634"}],"wp:attachment":[{"href":"https:\/\/speechi.com\/fr\/wp-json\/wp\/v2\/media?parent=44150636"}],"wp:term":[{"taxonomy":"difl_page_category","embeddable":true,"href":"https:\/\/speechi.com\/fr\/wp-json\/wp\/v2\/difl_page_category?post=44150636"}],"curies":[{"name":"wp","href":"https:\/\/api.w.org\/{rel}","templated":true}]}}