{"id":44168805,"date":"2024-08-01T16:35:08","date_gmt":"2024-08-01T14:35:08","guid":{"rendered":"https:\/\/speechi.com\/?page_id=44168805"},"modified":"2024-10-10T13:47:34","modified_gmt":"2024-10-10T11:47:34","slug":"etude-cas-universite-lille","status":"publish","type":"page","link":"https:\/\/speechi.com\/fr\/etude-cas-universite-lille\/","title":{"rendered":"Etude de cas : l&rsquo;Universit\u00e9 de Lille"},"content":{"rendered":"<p>[et_pb_section fb_built=\u00a0\u00bb1&Prime; fullwidth=\u00a0\u00bbon\u00a0\u00bb _builder_version=\u00a0\u00bb4.21.0&Prime; _module_preset=\u00a0\u00bbdefault\u00a0\u00bb background_video_mp4=\u00a0\u00bbhttps:\/\/speechi.com\/wp-content\/uploads\/2024\/08\/speechi-bandeau-universite-Lille-1200&#215;382-1.mp4&Prime; height=\u00a0\u00bb500px\u00a0\u00bb global_colors_info=\u00a0\u00bb{}\u00a0\u00bb][\/et_pb_section][et_pb_section fb_built=\u00a0\u00bb1&Prime; admin_label=\u00a0\u00bbsection\u00a0\u00bb _builder_version=\u00a0\u00bb4.16&Prime; global_colors_info=\u00a0\u00bb{}\u00a0\u00bb][et_pb_row _builder_version=\u00a0\u00bb4.21.0&Prime; _module_preset=\u00a0\u00bbdefault\u00a0\u00bb global_colors_info=\u00a0\u00bb{}\u00a0\u00bb][et_pb_column type=\u00a0\u00bb4_4&Prime; _builder_version=\u00a0\u00bb4.21.0&Prime; _module_preset=\u00a0\u00bbdefault\u00a0\u00bb global_colors_info=\u00a0\u00bb{}\u00a0\u00bb][et_pb_text _builder_version=\u00a0\u00bb4.21.0&Prime; _module_preset=\u00a0\u00bbdefault\u00a0\u00bb global_colors_info=\u00a0\u00bb{}\u00a0\u00bb]<\/p>\n<h1 style=\"text-align: center;\">Etude de cas : La licence Banque &amp; Assurance<\/h1>\n<p>[\/et_pb_text][\/et_pb_column][\/et_pb_row][et_pb_row column_structure=\u00a0\u00bb1_3,1_3,1_3&Prime; _builder_version=\u00a0\u00bb4.21.0&Prime; _module_preset=\u00a0\u00bbdefault\u00a0\u00bb width=\u00a0\u00bb40%\u00a0\u00bb global_colors_info=\u00a0\u00bb{}\u00a0\u00bb][et_pb_column type=\u00a0\u00bb1_3&Prime; _builder_version=\u00a0\u00bb4.21.0&Prime; _module_preset=\u00a0\u00bbdefault\u00a0\u00bb global_colors_info=\u00a0\u00bb{}\u00a0\u00bb][et_pb_image src=\u00a0\u00bbhttps:\/\/speechi.com\/wp-content\/uploads\/2024\/02\/education-ecran-tactile-geant.svg\u00a0\u00bb alt=\u00a0\u00bbLes \u00e9crans num\u00e9riques interactifs dans le secteur de l&rsquo;\u00e9ducation\u00a0\u00bb title_text=\u00a0\u00bbLes \u00e9crans num\u00e9riques interactifs dans le secteur de l&rsquo;\u00e9ducation\u00a0\u00bb _builder_version=\u00a0\u00bb4.21.0&Prime; _module_preset=\u00a0\u00bbdefault\u00a0\u00bb global_colors_info=\u00a0\u00bb{}\u00a0\u00bb][\/et_pb_image][et_pb_text _builder_version=\u00a0\u00bb4.21.0&Prime; _module_preset=\u00a0\u00bbdefault\u00a0\u00bb global_colors_info=\u00a0\u00bb{}\u00a0\u00bb]<\/p>\n<p style=\"text-align: center;\"><span>EDUCATION<\/span><\/p>\n<p>[\/et_pb_text][\/et_pb_column][et_pb_column type=\u00a0\u00bb1_3&Prime; _builder_version=\u00a0\u00bb4.21.0&Prime; _module_preset=\u00a0\u00bbdefault\u00a0\u00bb global_colors_info=\u00a0\u00bb{}\u00a0\u00bb][et_pb_image src=\u00a0\u00bbhttps:\/\/speechi.com\/wp-content\/uploads\/2024\/07\/universite-lille-temoignage-speechi.png\u00a0\u00bb alt=\u00a0\u00bbLes outils num\u00e9riques Speechi \u00e0 l&rsquo;Universit\u00e9 de Lille\u00a0\u00bb title_text=\u00a0\u00bbLes outils num\u00e9riques Speechi \u00e0 l&rsquo;Universit\u00e9 de Lille\u00a0\u00bb _builder_version=\u00a0\u00bb4.21.0&Prime; _module_preset=\u00a0\u00bbdefault\u00a0\u00bb global_colors_info=\u00a0\u00bb{}\u00a0\u00bb][\/et_pb_image][et_pb_text _builder_version=\u00a0\u00bb4.21.0&Prime; _module_preset=\u00a0\u00bbdefault\u00a0\u00bb global_colors_info=\u00a0\u00bb{}\u00a0\u00bb]<\/p>\n<p style=\"text-align: center;\"><span>UNIVERSITE DE LILLE<\/span><\/p>\n<p>[\/et_pb_text][\/et_pb_column][et_pb_column type=\u00a0\u00bb1_3&Prime; _builder_version=\u00a0\u00bb4.21.0&Prime; _module_preset=\u00a0\u00bbdefault\u00a0\u00bb global_colors_info=\u00a0\u00bb{}\u00a0\u00bb][et_pb_image src=\u00a0\u00bbhttps:\/\/speechi.com\/wp-content\/uploads\/2024\/02\/03-ou-1.svg.svg\u00a0\u00bb alt=\u00a0\u00bbLocation\u00a0\u00bb title_text=\u00a0\u00bbLocation\u00a0\u00bb _builder_version=\u00a0\u00bb4.21.0&Prime; _module_preset=\u00a0\u00bbdefault\u00a0\u00bb global_colors_info=\u00a0\u00bb{}\u00a0\u00bb][\/et_pb_image][et_pb_text _builder_version=\u00a0\u00bb4.21.0&Prime; _module_preset=\u00a0\u00bbdefault\u00a0\u00bb global_colors_info=\u00a0\u00bb{}\u00a0\u00bb]<\/p>\n<p style=\"text-align: center;\"><span>LILLE (NORD)<\/span><\/p>\n<p>[\/et_pb_text][\/et_pb_column][\/et_pb_row][et_pb_row _builder_version=\u00a0\u00bb4.21.0&Prime; _module_preset=\u00a0\u00bbdefault\u00a0\u00bb global_colors_info=\u00a0\u00bb{}\u00a0\u00bb][et_pb_column type=\u00a0\u00bb4_4&Prime; _builder_version=\u00a0\u00bb4.21.0&Prime; _module_preset=\u00a0\u00bbdefault\u00a0\u00bb global_colors_info=\u00a0\u00bb{}\u00a0\u00bb][et_pb_text _builder_version=\u00a0\u00bb4.21.0&Prime; _module_preset=\u00a0\u00bbdefault\u00a0\u00bb global_colors_info=\u00a0\u00bb{}\u00a0\u00bb]<\/p>\n<h2>Contexte<\/h2>\n<p><span>Au lendemain du confinement et apr\u00e8s des cours donn\u00e9s en distanciel pendant un an, l&rsquo;\u00e9quipe p\u00e9dagogique de la licence Banque Assurance de l&rsquo;Universit\u00e9 de Lille souhaitait tirer parti de tout ce qu&rsquo;elle a pu exp\u00e9rimenter en mati\u00e8re de pratiques p\u00e9dagogiques via le num\u00e9rique pour am\u00e9liorer la transmission et l&rsquo;acquisition de connaissances. Leur ambition ? <strong>Imaginer une salle de classe d&rsquo;un genre nouveau o\u00f9 le num\u00e9rique se met au service d&rsquo;une p\u00e9dagogie rendant les \u00e9tudiants acteurs de leurs apprentissages<\/strong>. <\/span><\/p>\n<p>[\/et_pb_text][\/et_pb_column][\/et_pb_row][et_pb_row column_structure=\u00a0\u00bb1_2,1_2&Prime; _builder_version=\u00a0\u00bb4.21.0&Prime; _module_preset=\u00a0\u00bbdefault\u00a0\u00bb global_colors_info=\u00a0\u00bb{}\u00a0\u00bb][et_pb_column type=\u00a0\u00bb1_2&Prime; _builder_version=\u00a0\u00bb4.21.0&Prime; _module_preset=\u00a0\u00bbdefault\u00a0\u00bb global_colors_info=\u00a0\u00bb{}\u00a0\u00bb][et_pb_image src=\u00a0\u00bbhttps:\/\/speechi.com\/wp-content\/uploads\/2024\/07\/speechi-ecran-interactif-temoignage-salle-innovation-pedagogique-universite-lille-methodes-pedagogiques.jpg\u00a0\u00bb alt=\u00a0\u00bbDes \u00e9crans num\u00e9riques interactifs Speechi \u00e0 l&rsquo;Universit\u00e9 de Lille\u00a0\u00bb title_text=\u00a0\u00bbDes \u00e9crans num\u00e9riques interactifs Speechi \u00e0 l&rsquo;Universit\u00e9 de Lille\u00a0\u00bb _builder_version=\u00a0\u00bb4.21.0&Prime; _module_preset=\u00a0\u00bbdefault\u00a0\u00bb global_colors_info=\u00a0\u00bb{}\u00a0\u00bb][\/et_pb_image][et_pb_text _builder_version=\u00a0\u00bb4.21.0&Prime; _module_preset=\u00a0\u00bbdefault\u00a0\u00bb global_colors_info=\u00a0\u00bb{}\u00a0\u00bb]<\/p>\n<h2>Probl\u00e9matique<\/h2>\n<ul>\n<li><span>Transposer aux cours en pr\u00e9sentiel les trouvailles p\u00e9dagogiques et num\u00e9riques mises en oeuvre dans les cours donn\u00e9s en distanciel pour accrocher l&rsquo;attention des \u00e9tudiants.<\/span><\/li>\n<\/ul>\n<p>[\/et_pb_text][\/et_pb_column][et_pb_column type=\u00a0\u00bb1_2&Prime; _builder_version=\u00a0\u00bb4.21.0&Prime; _module_preset=\u00a0\u00bbdefault\u00a0\u00bb global_colors_info=\u00a0\u00bb{}\u00a0\u00bb][et_pb_image src=\u00a0\u00bbhttps:\/\/speechi.com\/wp-content\/uploads\/2024\/07\/speechi-ecran-interactif-temoignage-salle-innovation-pedagogique-universite-lille-solutions-numerique.jpg\u00a0\u00bb alt=\u00a0\u00bbLa salle d&rsquo;innovation p\u00e9dagogique de l&rsquo;Universit\u00e9 de Lille\u00a0\u00bb title_text=\u00a0\u00bbLa salle d&rsquo;innovation p\u00e9dagogique de l&rsquo;Universit\u00e9 de Lille\u00a0\u00bb _builder_version=\u00a0\u00bb4.21.0&Prime; _module_preset=\u00a0\u00bbdefault\u00a0\u00bb global_colors_info=\u00a0\u00bb{}\u00a0\u00bb][\/et_pb_image][et_pb_text _builder_version=\u00a0\u00bb4.21.0&Prime; _module_preset=\u00a0\u00bbdefault\u00a0\u00bb global_colors_info=\u00a0\u00bb{}\u00a0\u00bb]<\/p>\n<h2>Solutions apport\u00e9es<\/h2>\n<ul>\n<li aria-level=\"1\"><span>6 \u00e9crans interactifs Speechi SuperGlass<\/span><\/li>\n<li aria-level=\"1\"><span>Un \u00e9cran d&rsquo;affichage SpeechiDisplay<\/span><\/li>\n<li aria-level=\"1\"><span>Des cam\u00e9ras de visioconf\u00e9rence (SPE-MG-104)<\/span><\/li>\n<li aria-level=\"1\"><span>Des OPS PC Windows<\/span><\/li>\n<\/ul>\n<p>[\/et_pb_text][\/et_pb_column][\/et_pb_row][et_pb_row column_structure=\u00a0\u00bb1_2,1_2&Prime; _builder_version=\u00a0\u00bb4.21.0&Prime; _module_preset=\u00a0\u00bbdefault\u00a0\u00bb global_colors_info=\u00a0\u00bb{}\u00a0\u00bb][et_pb_column type=\u00a0\u00bb1_2&Prime; _builder_version=\u00a0\u00bb4.21.0&Prime; _module_preset=\u00a0\u00bbdefault\u00a0\u00bb global_colors_info=\u00a0\u00bb{}\u00a0\u00bb][et_pb_image src=\u00a0\u00bbhttps:\/\/speechi.com\/wp-content\/uploads\/2024\/07\/speechi-ecran-interactif-temoignage-salle-innovation-pedagogique-universite-lille-usages-pedagogiques.jpg\u00a0\u00bb alt=\u00a0\u00bbUsages de l&rsquo;ENI Speechi en licence professionnelle Banque Assurance \u00e0 l&rsquo;Universit\u00e9 de Lille\u00a0\u00bb title_text=\u00a0\u00bbUsages de l&rsquo;ENI Speechi en licence professionnelle Banque Assurance \u00e0 l&rsquo;Universit\u00e9 de Lille\u00a0\u00bb _builder_version=\u00a0\u00bb4.21.0&Prime; _module_preset=\u00a0\u00bbdefault\u00a0\u00bb global_colors_info=\u00a0\u00bb{}\u00a0\u00bb][\/et_pb_image][et_pb_text _builder_version=\u00a0\u00bb4.21.0&Prime; _module_preset=\u00a0\u00bbdefault\u00a0\u00bb global_colors_info=\u00a0\u00bb{}\u00a0\u00bb]<\/p>\n<h2>Usages de l&rsquo;\u00e9cran<\/h2>\n<ul>\n<li aria-level=\"1\"><span>La prise de notes sur le tableau blanc Note<\/span><\/li>\n<li aria-level=\"1\"><span>L&rsquo;affichage de documents Office (Fiches m\u00e9mo sur PowerPoint)<\/span><\/li>\n<li aria-level=\"1\"><span>L&rsquo;\u00e9tude de vid\u00e9o YouTube en rapport avec la th\u00e9matique du cours<\/span><\/li>\n<li aria-level=\"1\"><span>Le lancement de quiz avec les applications Kahoot et Wooclap<\/span><\/li>\n<li aria-level=\"1\"><span>La mise en place d&rsquo;ateliers avec un ENI par groupe d&rsquo;\u00e9tudiants<\/span><\/li>\n<li aria-level=\"1\"><span>L&rsquo;enregistrement vid\u00e9o de jeux de r\u00f4les avec simulation de sc\u00e8nes de la vie professionnelle<\/span><\/li>\n<\/ul>\n<p>[\/et_pb_text][\/et_pb_column][et_pb_column type=\u00a0\u00bb1_2&Prime; _builder_version=\u00a0\u00bb4.21.0&Prime; _module_preset=\u00a0\u00bbdefault\u00a0\u00bb global_colors_info=\u00a0\u00bb{}\u00a0\u00bb][et_pb_image src=\u00a0\u00bbhttps:\/\/speechi.com\/wp-content\/uploads\/2024\/07\/speechi-ecran-numerique-interactif-temoignage-salle-innovation-pedagogique-universite-lille-benefices.jpg\u00a0\u00bb alt=\u00a0\u00bbDes \u00e9tudiants, acteurs de leurs apprentissages, gr\u00e2ce aux ENI Speechi\u00a0\u00bb title_text=\u00a0\u00bbspeechi-ecran-numerique-interactif-temoignage-salle-innovation-pedagogique-universite-lille-benefices\u00a0\u00bb _builder_version=\u00a0\u00bb4.21.0&Prime; _module_preset=\u00a0\u00bbdefault\u00a0\u00bb global_colors_info=\u00a0\u00bb{}\u00a0\u00bb][\/et_pb_image][et_pb_text _builder_version=\u00a0\u00bb4.21.0&Prime; _module_preset=\u00a0\u00bbdefault\u00a0\u00bb global_colors_info=\u00a0\u00bb{}\u00a0\u00bb]<\/p>\n<h2>Avantages<\/h2>\n<ul>\n<li aria-level=\"1\"><span>Un outil intuitif rapidement pris en main par les \u00e9tudiants<\/span><\/li>\n<li aria-level=\"1\"><span>Une plus grande autonomie laiss\u00e9e aux \u00e9tudiants<\/span><\/li>\n<li aria-level=\"1\"><span>Un meilleur engagement et une plus grande participation des \u00e9tudiants<\/span><\/li>\n<li aria-level=\"1\"><span>Une exploitation sans limite d&rsquo;applications interactives et p\u00e9dagogiques<\/span><\/li>\n<li aria-level=\"1\"><span>Le service formation de Speechi pour aller plus loin dans son utilisation de l&rsquo;ENI Speechi<\/span><\/li>\n<\/ul>\n<p>[\/et_pb_text][\/et_pb_column][\/et_pb_row][et_pb_row column_structure=\u00a0\u00bb1_2,1_2&Prime; _builder_version=\u00a0\u00bb4.21.0&Prime; _module_preset=\u00a0\u00bbdefault\u00a0\u00bb global_colors_info=\u00a0\u00bb{}\u00a0\u00bb][et_pb_column type=\u00a0\u00bb1_2&Prime; _builder_version=\u00a0\u00bb4.21.0&Prime; _module_preset=\u00a0\u00bbdefault\u00a0\u00bb global_colors_info=\u00a0\u00bb{}\u00a0\u00bb][et_pb_video src=\u00a0\u00bbhttps:\/\/www.youtube.com\/watch?v=fHx__q_vqyY\u00a0\u00bb _builder_version=\u00a0\u00bb4.21.0&Prime; _module_preset=\u00a0\u00bbdefault\u00a0\u00bb global_colors_info=\u00a0\u00bb{}\u00a0\u00bb][\/et_pb_video][\/et_pb_column][et_pb_column type=\u00a0\u00bb1_2&Prime; _builder_version=\u00a0\u00bb4.21.0&Prime; _module_preset=\u00a0\u00bbdefault\u00a0\u00bb global_colors_info=\u00a0\u00bb{}\u00a0\u00bb][et_pb_text _builder_version=\u00a0\u00bb4.21.0&Prime; _module_preset=\u00a0\u00bbdefault\u00a0\u00bb header_2_line_height=\u00a0\u00bb1.1em\u00a0\u00bb hover_enabled=\u00a0\u00bb0&Prime; global_colors_info=\u00a0\u00bb{}\u00a0\u00bb sticky_enabled=\u00a0\u00bb0&Prime;]<\/p>\n<h2>D\u00e9couvrez le t\u00e9moignage de Philippe Thoillier, formateur<\/h2>\n<blockquote>\n<p>\u00ab\u00a0<span>Tout est r\u00e9uni gr\u00e2ce \u00e0 ces \u00e9crans tactiles pour optimiser la transmission de connaissances et acqu\u00e9rir les comp\u00e9tences<\/span>.\u00a0\u00bb<\/p>\n<\/blockquote>\n<blockquote>\n<p>\u00ab\u00a0Les \u00e9tudiants ont vraiment pris ces \u00e9crans connect\u00e9s comme une solution d&rsquo;acquisition de connaissance. C&rsquo;est tr\u00e8s positif.\u00a0\u00bb<\/p>\n<\/blockquote>\n<p>[\/et_pb_text][\/et_pb_column][\/et_pb_row][\/et_pb_section]<\/p>\n","protected":false},"excerpt":{"rendered":"<p>Etude de cas : La licence Banque &amp; AssuranceEDUCATIONUNIVERSITE DE LILLELILLE (NORD)Contexte Au lendemain du confinement et apr\u00e8s des cours donn\u00e9s en distanciel pendant un an, l&rsquo;\u00e9quipe p\u00e9dagogique de la licence Banque Assurance de l&rsquo;Universit\u00e9 de Lille souhaitait tirer parti de tout ce qu&rsquo;elle a pu exp\u00e9rimenter en mati\u00e8re de pratiques p\u00e9dagogiques via le num\u00e9rique [&hellip;]<\/p>\n","protected":false},"author":5,"featured_media":0,"parent":0,"menu_order":0,"comment_status":"closed","ping_status":"closed","template":"","meta":{"_acf_changed":false,"_seopress_robots_primary_cat":"","_seopress_titles_title":"Etude de cas : des ENI Speechi \u00e0 l'Universit\u00e9 de Lille","_seopress_titles_desc":"D\u00e9couvrez le t\u00e9moignage de Philippe Thoillier, formateur \u00e0 l\u2019Universit\u00e9 de Lille, sur la salle d\u2019innovation p\u00e9dagogique \u00e9quip\u00e9e d\u2019ENI Speechi.","_seopress_robots_index":"","_et_pb_use_builder":"on","_et_pb_old_content":"<!-- wp:divi\/placeholder \/-->","_et_gb_content_width":"","footnotes":""},"difl_page_category":[],"class_list":["post-44168805","page","type-page","status-publish","hentry"],"acf":[],"_links":{"self":[{"href":"https:\/\/speechi.com\/fr\/wp-json\/wp\/v2\/pages\/44168805","targetHints":{"allow":["GET"]}}],"collection":[{"href":"https:\/\/speechi.com\/fr\/wp-json\/wp\/v2\/pages"}],"about":[{"href":"https:\/\/speechi.com\/fr\/wp-json\/wp\/v2\/types\/page"}],"author":[{"embeddable":true,"href":"https:\/\/speechi.com\/fr\/wp-json\/wp\/v2\/users\/5"}],"replies":[{"embeddable":true,"href":"https:\/\/speechi.com\/fr\/wp-json\/wp\/v2\/comments?post=44168805"}],"version-history":[{"count":12,"href":"https:\/\/speechi.com\/fr\/wp-json\/wp\/v2\/pages\/44168805\/revisions"}],"predecessor-version":[{"id":44174917,"href":"https:\/\/speechi.com\/fr\/wp-json\/wp\/v2\/pages\/44168805\/revisions\/44174917"}],"wp:attachment":[{"href":"https:\/\/speechi.com\/fr\/wp-json\/wp\/v2\/media?parent=44168805"}],"wp:term":[{"taxonomy":"difl_page_category","embeddable":true,"href":"https:\/\/speechi.com\/fr\/wp-json\/wp\/v2\/difl_page_category?post=44168805"}],"curies":[{"name":"wp","href":"https:\/\/api.w.org\/{rel}","templated":true}]}}